{"id":4787,"date":"2024-12-20T15:03:28","date_gmt":"2024-12-20T14:03:28","guid":{"rendered":"https:\/\/ottimo-apartamenty.pl\/urzecze-wohnungen\/"},"modified":"2025-02-20T10:19:53","modified_gmt":"2025-02-20T09:19:53","slug":"urzecze-wohnungen","status":"publish","type":"page","link":"https:\/\/ottimo-apartamenty.pl\/de\/urzecze-wohnungen\/","title":{"rendered":"Urzecze Wohnungen"},"content":{"rendered":"\t\t<div data-elementor-type=\"wp-page\" data-elementor-id=\"4787\" class=\"elementor elementor-4787 elementor-4670\">\n\t\t\t\t\t\t\t\t\t<section class=\"elementor-section elementor-top-section elementor-element elementor-element-295ea7ce elementor-section-height-min-height elementor-section-boxed elementor-section-height-default elementor-section-items-middle\" data-id=\"295ea7ce\" data-element_type=\"section\" id=\"naglowek\" data-settings=\"{&quot;background_background&quot;:&quot;classic&quot;}\">\n\t\t\t\t\t\t<div class=\"elementor-container elementor-column-gap-default\">\n\t\t\t\t\t<div class=\"elementor-column elementor-col-100 elementor-top-column elementor-element elementor-element-19e05bcd\" data-id=\"19e05bcd\" data-element_type=\"column\">\n\t\t\t<div class=\"elementor-widget-wrap elementor-element-populated\">\n\t\t\t\t\t\t\t\t<div class=\"elementor-element elementor-element-4cab7338 tytul animated-slow elementor-invisible elementor-widget elementor-widget-heading\" data-id=\"4cab7338\" data-element_type=\"widget\" data-settings=\"{&quot;_animation&quot;:&quot;fadeInUp&quot;}\" data-widget_type=\"heading.default\">\n\t\t\t\t<div class=\"elementor-widget-container\">\n\t\t\t<style>\/*! elementor - v3.12.1 - 02-04-2023 *\/\n.elementor-heading-title{padding:0;margin:0;line-height:1}.elementor-widget-heading .elementor-heading-title[class*=elementor-size-]>a{color:inherit;font-size:inherit;line-height:inherit}.elementor-widget-heading .elementor-heading-title.elementor-size-small{font-size:15px}.elementor-widget-heading .elementor-heading-title.elementor-size-medium{font-size:19px}.elementor-widget-heading .elementor-heading-title.elementor-size-large{font-size:29px}.elementor-widget-heading .elementor-heading-title.elementor-size-xl{font-size:39px}.elementor-widget-heading .elementor-heading-title.elementor-size-xxl{font-size:59px}<\/style><h1 class=\"elementor-heading-title elementor-size-default\">Urzecze Wohnungen<\/h1>\t\t<\/div>\n\t\t\t\t<\/div>\n\t\t\t\t<div class=\"elementor-element elementor-element-68cbf05a tytul animated-slow elementor-invisible elementor-widget elementor-widget-heading\" data-id=\"68cbf05a\" data-element_type=\"widget\" data-settings=\"{&quot;_animation&quot;:&quot;fadeInUp&quot;,&quot;_animation_delay&quot;:100}\" data-widget_type=\"heading.default\">\n\t\t\t\t<div class=\"elementor-widget-container\">\n\t\t\t<h2 class=\"elementor-heading-title elementor-size-default\">ul. Kr\u00f3lowej Jadwigi 14A<\/h2>\t\t<\/div>\n\t\t\t\t<\/div>\n\t\t\t\t\t<\/div>\n\t\t<\/div>\n\t\t\t\t\t\t\t<\/div>\n\t\t<\/section>\n\t\t\t\t<section class=\"elementor-section elementor-top-section elementor-element elementor-element-7b8b803b breadcrumbs elementor-section-boxed elementor-section-height-default elementor-section-height-default\" data-id=\"7b8b803b\" data-element_type=\"section\" data-settings=\"{&quot;background_background&quot;:&quot;classic&quot;}\">\n\t\t\t\t\t\t<div class=\"elementor-container elementor-column-gap-default\">\n\t\t\t\t\t<div class=\"elementor-column elementor-col-100 elementor-top-column elementor-element elementor-element-24d4628b\" data-id=\"24d4628b\" data-element_type=\"column\">\n\t\t\t<div class=\"elementor-widget-wrap elementor-element-populated\">\n\t\t\t\t\t\t\t\t<div class=\"elementor-element elementor-element-68e1af7b animated-slow elementor-invisible elementor-widget elementor-widget-heading\" data-id=\"68e1af7b\" data-element_type=\"widget\" data-settings=\"{&quot;_animation&quot;:&quot;fadeInUp&quot;}\" data-widget_type=\"heading.default\">\n\t\t\t\t<div class=\"elementor-widget-container\">\n\t\t\t<p class=\"elementor-heading-title elementor-size-default\"><a href=\"http:\/\/ottimo-apartamenty.pl\">Startseite<\/a> <span>&gt;<\/span> <a href=\"http:\/\/ottimo-apartamenty.pl\/apartamenty\/\">Wohnungen<\/a> <span>&gt;<\/span> Urzecze Wohnungen<\/p>\t\t<\/div>\n\t\t\t\t<\/div>\n\t\t\t\t\t<\/div>\n\t\t<\/div>\n\t\t\t\t\t\t\t<\/div>\n\t\t<\/section>\n\t\t\t\t<section class=\"elementor-section elementor-top-section elementor-element elementor-element-65bb8b31 elementor-section-boxed elementor-section-height-default elementor-section-height-default\" data-id=\"65bb8b31\" data-element_type=\"section\" id=\"apartamenty\">\n\t\t\t\t\t\t<div class=\"elementor-container elementor-column-gap-default\">\n\t\t\t\t\t<div class=\"elementor-column elementor-col-100 elementor-top-column elementor-element elementor-element-119bc830\" data-id=\"119bc830\" data-element_type=\"column\">\n\t\t\t<div class=\"elementor-widget-wrap elementor-element-populated\">\n\t\t\t\t\t\t\t\t<div class=\"elementor-element elementor-element-695fd121 animated-slow elementor-invisible elementor-widget elementor-widget-heading\" data-id=\"695fd121\" data-element_type=\"widget\" data-settings=\"{&quot;_animation&quot;:&quot;fadeInUp&quot;,&quot;_animation_delay&quot;:0}\" data-widget_type=\"heading.default\">\n\t\t\t\t<div class=\"elementor-widget-container\">\n\t\t\t<h3 class=\"elementor-heading-title elementor-size-default\"><span>Sich wie zu Hause f\u00fchlen<\/span> <\/h3>\t\t<\/div>\n\t\t\t\t<\/div>\n\t\t\t\t<div class=\"elementor-element elementor-element-2903bbce animated-slow elementor-invisible elementor-widget elementor-widget-text-editor\" data-id=\"2903bbce\" data-element_type=\"widget\" data-settings=\"{&quot;_animation&quot;:&quot;fadeInUp&quot;,&quot;_animation_delay&quot;:200}\" data-widget_type=\"text-editor.default\">\n\t\t\t\t<div class=\"elementor-widget-container\">\n\t\t\t<style>\/*! elementor - v3.12.1 - 02-04-2023 *\/\n.elementor-widget-text-editor.elementor-drop-cap-view-stacked .elementor-drop-cap{background-color:#69727d;color:#fff}.elementor-widget-text-editor.elementor-drop-cap-view-framed .elementor-drop-cap{color:#69727d;border:3px solid;background-color:transparent}.elementor-widget-text-editor:not(.elementor-drop-cap-view-default) .elementor-drop-cap{margin-top:8px}.elementor-widget-text-editor:not(.elementor-drop-cap-view-default) .elementor-drop-cap-letter{width:1em;height:1em}.elementor-widget-text-editor .elementor-drop-cap{float:left;text-align:center;line-height:1;font-size:50px}.elementor-widget-text-editor .elementor-drop-cap-letter{display:inline-block}<\/style>\t\t\t\t<p>Die Ottimo Urzecze Apartments befinden sich im ersten Stock eines Apartmentgeb\u00e4udes aus dem Jahr 2024, das direkt am Fluss liegt und eine fantastische Aussicht bietet. Die Kombination aus Luxus, Freiheit und Modernit\u00e4t hat ein so au\u00dfergew\u00f6hnliches Interieur geschaffen. Die Wohnung wurde sorgf\u00e4ltig mit stilvollen M\u00f6beln und dekorativen Elementen eingerichtet, die die vier W\u00e4nde erw\u00e4rmen und ihnen ein gem\u00fctliches Gef\u00fchl verleihen. Wir haben eine Deluxe Suite mit Aussicht vor Ort. Alles speziell f\u00fcr Sie und Ihre Bed\u00fcrfnisse eingerichtet.    <\/p>\n\t\t\t\t\t\t<\/div>\n\t\t\t\t<\/div>\n\t\t\t\t<div class=\"elementor-element elementor-element-38f8a286 animated-slow elementor-align-center elementor-invisible elementor-widget elementor-widget-button\" data-id=\"38f8a286\" data-element_type=\"widget\" id=\"nasze-apartamenty\" data-settings=\"{&quot;_animation&quot;:&quot;fadeInUp&quot;,&quot;_animation_delay&quot;:300}\" data-widget_type=\"button.default\">\n\t\t\t\t<div class=\"elementor-widget-container\">\n\t\t\t\t\t<div class=\"elementor-button-wrapper\">\n\t\t\t<a href=\"#nasze-apartamenty\" class=\"elementor-button-link elementor-button elementor-size-sm elementor-animation-float\" role=\"button\">\n\t\t\t\t\t\t<span class=\"elementor-button-content-wrapper\">\n\t\t\t\t\t\t<span class=\"elementor-button-text\">Unsere Wohnungen ansehen<\/span>\n\t\t<\/span>\n\t\t\t\t\t<\/a>\n\t\t<\/div>\n\t\t\t\t<\/div>\n\t\t\t\t<\/div>\n\t\t\t\t\t<\/div>\n\t\t<\/div>\n\t\t\t\t\t\t\t<\/div>\n\t\t<\/section>\n\t\t\t\t<section class=\"elementor-section elementor-top-section elementor-element elementor-element-8b2ff20 elementor-section-boxed elementor-section-height-default elementor-section-height-default\" data-id=\"8b2ff20\" data-element_type=\"section\">\n\t\t\t\t\t\t<div class=\"elementor-container elementor-column-gap-default\">\n\t\t\t\t\t<div class=\"elementor-column elementor-col-100 elementor-top-column elementor-element elementor-element-5b73f0e7\" data-id=\"5b73f0e7\" data-element_type=\"column\">\n\t\t\t<div class=\"elementor-widget-wrap elementor-element-populated\">\n\t\t\t\t\t\t\t\t\t<\/div>\n\t\t<\/div>\n\t\t\t\t\t\t\t<\/div>\n\t\t<\/section>\n\t\t\t\t<section class=\"elementor-section elementor-top-section elementor-element elementor-element-155267c9 elementor-section-boxed elementor-section-height-default elementor-section-height-default\" data-id=\"155267c9\" data-element_type=\"section\" data-settings=\"{&quot;background_background&quot;:&quot;classic&quot;}\">\n\t\t\t\t\t\t<div class=\"elementor-container elementor-column-gap-default\">\n\t\t\t\t\t<div class=\"elementor-column elementor-col-100 elementor-top-column elementor-element elementor-element-78d1d272 animated-slow elementor-invisible\" data-id=\"78d1d272\" data-element_type=\"column\" data-settings=\"{&quot;animation&quot;:&quot;fadeInUp&quot;}\">\n\t\t\t<div class=\"elementor-widget-wrap elementor-element-populated\">\n\t\t\t\t\t\t\t\t<div class=\"elementor-element elementor-element-458e95f elementor-widget elementor-widget-image\" data-id=\"458e95f\" data-element_type=\"widget\" data-widget_type=\"image.default\">\n\t\t\t\t<div class=\"elementor-widget-container\">\n\t\t\t<style>\/*! elementor - v3.12.1 - 02-04-2023 *\/\n.elementor-widget-image{text-align:center}.elementor-widget-image a{display:inline-block}.elementor-widget-image a img[src$=\".svg\"]{width:48px}.elementor-widget-image img{vertical-align:middle;display:inline-block}<\/style>\t\t\t\t\t\t\t\t\t\t\t\t<img loading=\"lazy\" decoding=\"async\" width=\"43\" height=\"35\" src=\"https:\/\/ottimo-apartamenty.pl\/wp-content\/uploads\/2023\/03\/quote.png\" class=\"attachment-large size-large wp-image-486\" alt=\"\" \/>\t\t\t\t\t\t\t\t\t\t\t\t\t\t\t<\/div>\n\t\t\t\t<\/div>\n\t\t\t\t<div class=\"elementor-element elementor-element-3ed1f3db elementor-testimonial--skin-default elementor-testimonial--layout-image_inline elementor-testimonial--align-center elementor-arrows-yes elementor-widget elementor-widget-testimonial-carousel\" data-id=\"3ed1f3db\" data-element_type=\"widget\" data-settings=\"{&quot;slides_per_view&quot;:&quot;1&quot;,&quot;slides_to_scroll&quot;:&quot;1&quot;,&quot;speed&quot;:1000,&quot;autoplay_speed&quot;:6000,&quot;show_arrows&quot;:&quot;yes&quot;,&quot;autoplay&quot;:&quot;yes&quot;,&quot;loop&quot;:&quot;yes&quot;,&quot;pause_on_hover&quot;:&quot;yes&quot;,&quot;pause_on_interaction&quot;:&quot;yes&quot;,&quot;space_between&quot;:{&quot;unit&quot;:&quot;px&quot;,&quot;size&quot;:10,&quot;sizes&quot;:[]},&quot;space_between_tablet&quot;:{&quot;unit&quot;:&quot;px&quot;,&quot;size&quot;:10,&quot;sizes&quot;:[]},&quot;space_between_mobile&quot;:{&quot;unit&quot;:&quot;px&quot;,&quot;size&quot;:10,&quot;sizes&quot;:[]}}\" data-widget_type=\"testimonial-carousel.default\">\n\t\t\t\t<div class=\"elementor-widget-container\">\n\t\t\t<link rel=\"stylesheet\" href=\"https:\/\/ottimo-apartamenty.pl\/wp-content\/plugins\/elementor-pro\/assets\/css\/widget-carousel.min.css\">\t\t<div class=\"elementor-swiper\">\n\t\t\t<div class=\"elementor-main-swiper swiper\">\n\t\t\t\t<div class=\"swiper-wrapper\">\n\t\t\t\t\t\t\t\t\t\t\t<div class=\"swiper-slide\">\n\t\t\t\t\t\t\t\t\t<div class=\"elementor-testimonial\">\n\t\t\t\t\t\t\t<div class=\"elementor-testimonial__content\">\n\t\t\t\t\t<div class=\"elementor-testimonial__text\">\n\t\t\t\t\t\t<p>\"Sch\u00f6n eingerichtete Wohnung. Alles neu und sehr gut gepflegt. Sehr guter Kontakt mit dem Gastgeber.\"<\/p>\n\t\t\t\t\t<\/div>\n\t\t\t\t\t\t\t\t\t<\/div>\n\t\t\t\t\t\t<div class=\"elementor-testimonial__footer\">\n\t\t\t\t\t\t\t\t<cite class=\"elementor-testimonial__cite\"><span class=\"elementor-testimonial__name\">Sebastian<\/span><span class=\"elementor-testimonial__title\">booking.com<\/span><\/cite>\t\t\t<\/div>\n\t\t<\/div>\n\t\t\t\t\t\t\t\t<\/div>\n\t\t\t\t\t\t\t\t\t\t\t<div class=\"swiper-slide\">\n\t\t\t\t\t\t\t\t\t<div class=\"elementor-testimonial\">\n\t\t\t\t\t\t\t<div class=\"elementor-testimonial__content\">\n\t\t\t\t\t<div class=\"elementor-testimonial__text\">\n\t\t\t\t\t\t<p>\"Gro\u00dfartiger Ort, ausgestattet mit dem N\u00f6tigsten und der Ausr\u00fcstung. Flach, warm (ich war im November) und ruhig. Und noch mehr: der nette Gastgeber, effizienter und schneller Kontakt, kontaktloser Check-in und Check-out, Sauberkeit!<\/p>\n\t\t\t\t\t<\/div>\n\t\t\t\t\t\t\t\t\t<\/div>\n\t\t\t\t\t\t<div class=\"elementor-testimonial__footer\">\n\t\t\t\t\t\t\t\t<cite class=\"elementor-testimonial__cite\"><span class=\"elementor-testimonial__name\">Zuzanna<\/span><span class=\"elementor-testimonial__title\">booking.com<\/span><\/cite>\t\t\t<\/div>\n\t\t<\/div>\n\t\t\t\t\t\t\t\t<\/div>\n\t\t\t\t\t\t\t\t\t\t\t<div class=\"swiper-slide\">\n\t\t\t\t\t\t\t\t\t<div class=\"elementor-testimonial\">\n\t\t\t\t\t\t\t<div class=\"elementor-testimonial__content\">\n\t\t\t\t\t<div class=\"elementor-testimonial__text\">\n\t\t\t\t\t\t<p>\"Sehr sch\u00f6ne Einrichtung, gute Ausstattung und ein hohes Sicherheitsgef\u00fchl.\"<\/p>\n\t\t\t\t\t<\/div>\n\t\t\t\t\t\t\t\t\t<\/div>\n\t\t\t\t\t\t<div class=\"elementor-testimonial__footer\">\n\t\t\t\t\t\t\t\t<cite class=\"elementor-testimonial__cite\"><span class=\"elementor-testimonial__name\">Nachtigall<\/span><span class=\"elementor-testimonial__title\">booking.com<\/span><\/cite>\t\t\t<\/div>\n\t\t<\/div>\n\t\t\t\t\t\t\t\t<\/div>\n\t\t\t\t\t\t\t\t\t\t\t<div class=\"swiper-slide\">\n\t\t\t\t\t\t\t\t\t<div class=\"elementor-testimonial\">\n\t\t\t\t\t\t\t<div class=\"elementor-testimonial__content\">\n\t\t\t\t\t<div class=\"elementor-testimonial__text\">\n\t\t\t\t\t\t<p>\"G\u00fcnstige Lage. Sauber. Gutes Preis-Leistungs-Verh\u00e4ltnis. Private Umgehung, gut verschlossen.\"<\/p>\n\t\t\t\t\t<\/div>\n\t\t\t\t\t\t\t\t\t<\/div>\n\t\t\t\t\t\t<div class=\"elementor-testimonial__footer\">\n\t\t\t\t\t\t\t\t<cite class=\"elementor-testimonial__cite\"><span class=\"elementor-testimonial__name\">Kinga<\/span><span class=\"elementor-testimonial__title\">booking.com<\/span><\/cite>\t\t\t<\/div>\n\t\t<\/div>\n\t\t\t\t\t\t\t\t<\/div>\n\t\t\t\t\t\t\t\t\t<\/div>\n\t\t\t\t\t\t\t\t\t\t\t\t\t\t\t\t\t\t\t\t<div class=\"elementor-swiper-button elementor-swiper-button-prev\">\n\t\t\t\t\t\t\t<i aria-hidden=\"true\" class=\"eicon-chevron-left\"><\/i>\t\t\t\t\t\t\t<span class=\"elementor-screen-only\">Voriger<\/span>\n\t\t\t\t\t\t<\/div>\n\t\t\t\t\t\t<div class=\"elementor-swiper-button elementor-swiper-button-next\">\n\t\t\t\t\t\t\t<i aria-hidden=\"true\" class=\"eicon-chevron-right\"><\/i>\t\t\t\t\t\t\t<span class=\"elementor-screen-only\">N\u00e4chster<\/span>\n\t\t\t\t\t\t<\/div>\n\t\t\t\t\t\t\t\t\t\t\t\t<\/div>\n\t\t<\/div>\n\t\t\t\t<\/div>\n\t\t\t\t<\/div>\n\t\t\t\t\t<\/div>\n\t\t<\/div>\n\t\t\t\t\t\t\t<\/div>\n\t\t<\/section>\n\t\t\t\t<section class=\"elementor-section elementor-top-section elementor-element elementor-element-785a7ea4 elementor-section-boxed elementor-section-height-default elementor-section-height-default\" data-id=\"785a7ea4\" data-element_type=\"section\">\n\t\t\t\t\t\t<div class=\"elementor-container elementor-column-gap-default\">\n\t\t\t\t\t<div class=\"elementor-column elementor-col-100 elementor-top-column elementor-element elementor-element-b7652fd\" data-id=\"b7652fd\" data-element_type=\"column\">\n\t\t\t<div class=\"elementor-widget-wrap elementor-element-populated\">\n\t\t\t\t\t\t\t\t<div class=\"elementor-element elementor-element-7988d3fd animated-slow elementor-invisible elementor-widget elementor-widget-heading\" data-id=\"7988d3fd\" data-element_type=\"widget\" data-settings=\"{&quot;_animation&quot;:&quot;fadeInUp&quot;,&quot;_animation_delay&quot;:0}\" data-widget_type=\"heading.default\">\n\t\t\t\t<div class=\"elementor-widget-container\">\n\t\t\t<h3 class=\"elementor-heading-title elementor-size-default\"><span>Einzigartige<\/span> Lage<\/h3>\t\t<\/div>\n\t\t\t\t<\/div>\n\t\t\t\t<div class=\"elementor-element elementor-element-4f3a7a7f animated-slow elementor-invisible elementor-widget elementor-widget-text-editor\" data-id=\"4f3a7a7f\" data-element_type=\"widget\" data-settings=\"{&quot;_animation&quot;:&quot;fadeInUp&quot;,&quot;_animation_delay&quot;:200}\" data-widget_type=\"text-editor.default\">\n\t\t\t\t<div class=\"elementor-widget-container\">\n\t\t\t\t\t\t\t<p>Die Wohnungen befinden sich im Herzen von Bydgoszcz. Die M\u00fchleninsel, der Alte Markt, das Neue Opernhaus, das Polnische Theater und die Philharmonie sind allesamt Orte, die sich in &#8222;Reichweite&#8220; befinden. Einkaufszentren (Rondo, Focus, Zielone Arkady) befinden sich in unmittelbarer N\u00e4he. Parkpl\u00e4tze befinden sich direkt vor dem Geb\u00e4ude an der Stra\u00dfe. Die Wohnung liegt an einem der wichtigsten Verkehrsknotenpunkte der Stadt (Busse und Stra\u00dfenbahnen der meisten Linien sind verf\u00fcgbar), und auch der Busbahnhof ist nicht weit entfernt.<\/p>\n\t\t\t\t\t\t<\/div>\n\t\t\t\t<\/div>\n\t\t\t\t<section class=\"elementor-section elementor-inner-section elementor-element elementor-element-2c8fd4da elementor-section-boxed elementor-section-height-default elementor-section-height-default\" data-id=\"2c8fd4da\" data-element_type=\"section\">\n\t\t\t\t\t\t<div class=\"elementor-container elementor-column-gap-default\">\n\t\t\t\t\t<div class=\"elementor-column elementor-col-33 elementor-inner-column elementor-element elementor-element-6c36d9a1\" data-id=\"6c36d9a1\" data-element_type=\"column\">\n\t\t\t<div class=\"elementor-widget-wrap elementor-element-populated\">\n\t\t\t\t\t\t\t\t<div class=\"elementor-element elementor-element-38ab6d55 odleglosci animated-slow elementor-invisible elementor-widget elementor-widget-text-editor\" data-id=\"38ab6d55\" data-element_type=\"widget\" data-settings=\"{&quot;_animation&quot;:&quot;fadeInUp&quot;}\" data-widget_type=\"text-editor.default\">\n\t\t\t\t<div class=\"elementor-widget-container\">\n\t\t\t\t\t\t\t<table>\n<tbody>\n<tr>\n<td>300 m<\/td>\n<td>Kreisverkehr Grunwaldzkie<\/td>\n<\/tr>\n<tr>\n<td>500 m<\/td>\n<td>Pozna\u0144-Platz<\/td>\n<\/tr>\n<tr>\n<td>650 m<\/td>\n<td>Chelminski-Platz<\/td>\n<\/tr>\n<tr>\n<td>650 m<\/td>\n<td>D\u0105browskiego-H\u00fcgel<\/td>\n<\/tr>\n<tr>\n<td>700 m<\/td>\n<td>Platz der Ehrenblutspender<\/td>\n<\/tr>\n<tr>\n<td>750 m<\/td>\n<td>quadratisch prof. J\u00f3zef Kalu\u017cny<\/td>\n<\/tr>\n<tr>\n<td>800 m<\/td>\n<td>Wasserturm<\/td>\n<\/tr>\n<tr>\n<td>850 m<\/td>\n<td>Tal der f\u00fcnf Teiche<\/td>\n<\/tr>\n<tr>\n<td>900 m<\/td>\n<td>Bydgoszcz Venedig<\/td>\n<\/tr>\n<tr>\n<td>950 m<\/td>\n<td>Museum f\u00fcr Fotografie<\/td>\n<\/tr>\n<tr>\n<td>1,1 km<\/td>\n<td>K\u00f6nigin-Jadwiga-Br\u00fccke<\/td>\n<\/tr>\n<\/tbody>\n<\/table>\n\t\t\t\t\t\t<\/div>\n\t\t\t\t<\/div>\n\t\t\t\t\t<\/div>\n\t\t<\/div>\n\t\t\t\t<div class=\"elementor-column elementor-col-33 elementor-inner-column elementor-element elementor-element-40714de8\" data-id=\"40714de8\" data-element_type=\"column\">\n\t\t\t<div class=\"elementor-widget-wrap elementor-element-populated\">\n\t\t\t\t\t\t\t\t<div class=\"elementor-element elementor-element-36590818 odleglosci animated-slow elementor-invisible elementor-widget elementor-widget-text-editor\" data-id=\"36590818\" data-element_type=\"widget\" data-settings=\"{&quot;_animation&quot;:&quot;fadeInUp&quot;}\" data-widget_type=\"text-editor.default\">\n\t\t\t\t<div class=\"elementor-widget-container\">\n\t\t\t\t\t\t\t<table>\n<tbody>\n<tr>\n<td>1,3 km<\/td>\n<td>Denkmal des Kampfes und des M\u00e4rtyrertums<\/td>\n<\/tr>\n<tr>\n<td>1,4 km<\/td>\n<td>Skulptur &#8222;Die \u00dcberquerung des Flusses&#8220;<\/td>\n<\/tr>\n<tr>\n<td>1,4 km<\/td>\n<td>Getreidespeicher<\/td>\n<\/tr>\n<tr>\n<td>1,5 km<\/td>\n<td>Markthalle<\/td>\n<\/tr>\n<tr>\n<td>1,5 km<\/td>\n<td>Das Emanuel District Museum. Leon Wycz\u00f3\u0142kowski<\/td>\n<\/tr>\n<tr>\n<td>1,8 km<\/td>\n<td>ul. August Cieszkowski<\/td>\n<\/tr>\n<tr>\n<td>3,2 km<\/td>\n<td>Pommersches Milit\u00e4rmuseum<\/td>\n<\/tr>\n<tr>\n<td>6 km<\/td>\n<td>Osowa G\u00f3ra Park<\/td>\n<\/tr>\n<tr>\n<td>15 km<\/td>\n<td>Bydgoszcz-Kanal<\/td>\n<\/tr>\n<\/tbody>\n<\/table>\n\t\t\t\t\t\t<\/div>\n\t\t\t\t<\/div>\n\t\t\t\t\t<\/div>\n\t\t<\/div>\n\t\t\t\t<div class=\"elementor-column elementor-col-33 elementor-inner-column elementor-element elementor-element-39d31b7b\" data-id=\"39d31b7b\" data-element_type=\"column\">\n\t\t\t<div class=\"elementor-widget-wrap elementor-element-populated\">\n\t\t\t\t\t\t\t\t<div class=\"elementor-element elementor-element-590c7968 odleglosci animated-slow elementor-invisible elementor-widget elementor-widget-text-editor\" data-id=\"590c7968\" data-element_type=\"widget\" data-settings=\"{&quot;_animation&quot;:&quot;fadeInUp&quot;}\" data-widget_type=\"text-editor.default\">\n\t\t\t\t<div class=\"elementor-widget-container\">\n\t\t\t\t\t\t\t<table>\n<tbody>\n<tr>\n<td>1,4 km<\/td>\n<td>PKP Bydgoszcz G\u0142\u00f3wna<\/td>\n<\/tr>\n<tr>\n<td>3 km<\/td>\n<td>Flughafen Bydgoszcz-Szwederowo<\/td>\n<\/tr>\n<tr>\n<td>150 m<\/td>\n<td>KFC<\/td>\n<\/tr>\n<tr>\n<td>200 m<\/td>\n<td>Sowa-Konditorei<\/td>\n<\/tr>\n<tr>\n<td>250 m<\/td>\n<td>Restaurant Baalbek<\/td>\n<\/tr>\n<\/tbody>\n<\/table>\n\t\t\t\t\t\t<\/div>\n\t\t\t\t<\/div>\n\t\t\t\t\t<\/div>\n\t\t<\/div>\n\t\t\t\t\t\t\t<\/div>\n\t\t<\/section>\n\t\t\t\t\t<\/div>\n\t\t<\/div>\n\t\t\t\t\t\t\t<\/div>\n\t\t<\/section>\n\t\t\t\t<section class=\"elementor-section elementor-top-section elementor-element elementor-element-9eb4c13 elementor-section-full_width mapa elementor-section-height-default elementor-section-height-default\" data-id=\"9eb4c13\" data-element_type=\"section\">\n\t\t\t\t\t\t<div class=\"elementor-container elementor-column-gap-default\">\n\t\t\t\t\t<div class=\"elementor-column elementor-col-100 elementor-top-column elementor-element elementor-element-7bec236b\" data-id=\"7bec236b\" data-element_type=\"column\">\n\t\t\t<div class=\"elementor-widget-wrap elementor-element-populated\">\n\t\t\t\t\t\t\t\t<div class=\"elementor-element elementor-element-3df5e7ca elementor-widget elementor-widget-html\" data-id=\"3df5e7ca\" data-element_type=\"widget\" data-widget_type=\"html.default\">\n\t\t\t\t<div class=\"elementor-widget-container\">\n\t\t\t<iframe src=\"https:\/\/www.google.com\/maps\/embed?pb=!1m18!1m12!1m3!1d13541.672262265904!2d17.988060842038802!3d53.130801005226246!2m3!1f0!2f0!3f0!3m2!1i1024!2i768!4f13.1!3m3!1m2!1s0x470313b7b5cf10a1%3A0x901a4f3ac7426802!2sKr%C3%B3lowej%20Jadwigi%2014A%2C%2085-231%20Bydgoszcz!5e0!3m2!1spl!2spl!4v1734703618203!5m2!1spl!2spl\" width=\"100%\" height=\"500\" style=\"border:0;\" allowfullscreen=\"\" loading=\"lazy\" referrerpolicy=\"no-referrer-when-downgrade\"><\/iframe>\t\t<\/div>\n\t\t\t\t<\/div>\n\t\t\t\t\t<\/div>\n\t\t<\/div>\n\t\t\t\t\t\t\t<\/div>\n\t\t<\/section>\n\t\t\t\t\t\t\t<\/div>\n\t\t","protected":false},"excerpt":{"rendered":"<p>Urzecze Wohnungen ul. Kr\u00f3lowej Jadwigi 14A Startseite &gt; Wohnungen &gt; Urzecze Wohnungen Sich wie zu Hause f\u00fchlen Die Ottimo Urzecze Apartments befinden sich im ersten Stock eines Apartmentgeb\u00e4udes aus dem Jahr 2024, das direkt am Fluss liegt und eine fantastische Aussicht bietet. Die Kombination aus Luxus, Freiheit und Modernit\u00e4t hat ein so au\u00dfergew\u00f6hnliches Interieur geschaffen. [&hellip;]<\/p>\n","protected":false},"author":1,"featured_media":0,"parent":0,"menu_order":0,"comment_status":"closed","ping_status":"closed","template":"","meta":{"footnotes":""},"class_list":["post-4787","page","type-page","status-publish","hentry"],"acf":[],"_links":{"self":[{"href":"https:\/\/ottimo-apartamenty.pl\/de\/wp-json\/wp\/v2\/pages\/4787","targetHints":{"allow":["GET"]}}],"collection":[{"href":"https:\/\/ottimo-apartamenty.pl\/de\/wp-json\/wp\/v2\/pages"}],"about":[{"href":"https:\/\/ottimo-apartamenty.pl\/de\/wp-json\/wp\/v2\/types\/page"}],"author":[{"embeddable":true,"href":"https:\/\/ottimo-apartamenty.pl\/de\/wp-json\/wp\/v2\/users\/1"}],"replies":[{"embeddable":true,"href":"https:\/\/ottimo-apartamenty.pl\/de\/wp-json\/wp\/v2\/comments?post=4787"}],"version-history":[{"count":1,"href":"https:\/\/ottimo-apartamenty.pl\/de\/wp-json\/wp\/v2\/pages\/4787\/revisions"}],"predecessor-version":[{"id":4788,"href":"https:\/\/ottimo-apartamenty.pl\/de\/wp-json\/wp\/v2\/pages\/4787\/revisions\/4788"}],"wp:attachment":[{"href":"https:\/\/ottimo-apartamenty.pl\/de\/wp-json\/wp\/v2\/media?parent=4787"}],"curies":[{"name":"wp","href":"https:\/\/api.w.org\/{rel}","templated":true}]}}