{"id":3111,"date":"2023-03-19T13:45:38","date_gmt":"2023-03-19T12:45:38","guid":{"rendered":"http:\/\/ottimo-apartamenty.pl\/dolina-wohnungen\/"},"modified":"2025-02-20T10:19:11","modified_gmt":"2025-02-20T09:19:11","slug":"dolina-wohnungen","status":"publish","type":"page","link":"https:\/\/ottimo-apartamenty.pl\/de\/dolina-wohnungen\/","title":{"rendered":"Dolina Wohnungen"},"content":{"rendered":"\t\t<div data-elementor-type=\"wp-page\" data-elementor-id=\"3111\" class=\"elementor elementor-3111 elementor-1283\">\n\t\t\t\t\t\t\t\t\t<section class=\"elementor-section elementor-top-section elementor-element elementor-element-8513e82 elementor-section-height-min-height elementor-section-boxed elementor-section-height-default elementor-section-items-middle\" data-id=\"8513e82\" data-element_type=\"section\" id=\"naglowek\" data-settings=\"{&quot;background_background&quot;:&quot;classic&quot;}\">\n\t\t\t\t\t\t<div class=\"elementor-container elementor-column-gap-default\">\n\t\t\t\t\t<div class=\"elementor-column elementor-col-100 elementor-top-column elementor-element elementor-element-4a520e9b\" data-id=\"4a520e9b\" data-element_type=\"column\">\n\t\t\t<div class=\"elementor-widget-wrap elementor-element-populated\">\n\t\t\t\t\t\t\t\t<div class=\"elementor-element elementor-element-5a883898 tytul animated-slow elementor-invisible elementor-widget elementor-widget-heading\" data-id=\"5a883898\" data-element_type=\"widget\" data-settings=\"{&quot;_animation&quot;:&quot;fadeInUp&quot;}\" data-widget_type=\"heading.default\">\n\t\t\t\t<div class=\"elementor-widget-container\">\n\t\t\t<style>\/*! elementor - v3.12.1 - 02-04-2023 *\/\n.elementor-heading-title{padding:0;margin:0;line-height:1}.elementor-widget-heading .elementor-heading-title[class*=elementor-size-]>a{color:inherit;font-size:inherit;line-height:inherit}.elementor-widget-heading .elementor-heading-title.elementor-size-small{font-size:15px}.elementor-widget-heading .elementor-heading-title.elementor-size-medium{font-size:19px}.elementor-widget-heading .elementor-heading-title.elementor-size-large{font-size:29px}.elementor-widget-heading .elementor-heading-title.elementor-size-xl{font-size:39px}.elementor-widget-heading .elementor-heading-title.elementor-size-xxl{font-size:59px}<\/style><h1 class=\"elementor-heading-title elementor-size-default\">Dolina Wohnungen<\/h1>\t\t<\/div>\n\t\t\t\t<\/div>\n\t\t\t\t<div class=\"elementor-element elementor-element-6e115972 tytul animated-slow elementor-invisible elementor-widget elementor-widget-heading\" data-id=\"6e115972\" data-element_type=\"widget\" data-settings=\"{&quot;_animation&quot;:&quot;fadeInUp&quot;,&quot;_animation_delay&quot;:100}\" data-widget_type=\"heading.default\">\n\t\t\t\t<div class=\"elementor-widget-container\">\n\t\t\t<h2 class=\"elementor-heading-title elementor-size-default\">ul. Tal 39<\/h2>\t\t<\/div>\n\t\t\t\t<\/div>\n\t\t\t\t\t<\/div>\n\t\t<\/div>\n\t\t\t\t\t\t\t<\/div>\n\t\t<\/section>\n\t\t\t\t<section class=\"elementor-section elementor-top-section elementor-element elementor-element-3d99f983 breadcrumbs elementor-section-boxed elementor-section-height-default elementor-section-height-default\" data-id=\"3d99f983\" data-element_type=\"section\" data-settings=\"{&quot;background_background&quot;:&quot;classic&quot;}\">\n\t\t\t\t\t\t<div class=\"elementor-container elementor-column-gap-default\">\n\t\t\t\t\t<div class=\"elementor-column elementor-col-100 elementor-top-column elementor-element elementor-element-7e5cbf25\" data-id=\"7e5cbf25\" data-element_type=\"column\">\n\t\t\t<div class=\"elementor-widget-wrap elementor-element-populated\">\n\t\t\t\t\t\t\t\t<div class=\"elementor-element elementor-element-18e6fb20 animated-slow elementor-invisible elementor-widget elementor-widget-heading\" data-id=\"18e6fb20\" data-element_type=\"widget\" data-settings=\"{&quot;_animation&quot;:&quot;fadeInUp&quot;}\" data-widget_type=\"heading.default\">\n\t\t\t\t<div class=\"elementor-widget-container\">\n\t\t\t<p class=\"elementor-heading-title elementor-size-default\"><a href=\"http:\/\/ottimo-apartamenty.pl\">Startseite<\/a> <span>&gt;<\/span> <a href=\"http:\/\/ottimo-apartamenty.pl\/apartamenty\/\">Wohnungen<\/a> <span>&gt;<\/span> Dolina Wohnungen<\/p>\t\t<\/div>\n\t\t\t\t<\/div>\n\t\t\t\t\t<\/div>\n\t\t<\/div>\n\t\t\t\t\t\t\t<\/div>\n\t\t<\/section>\n\t\t\t\t<section class=\"elementor-section elementor-top-section elementor-element elementor-element-7615cf66 elementor-section-boxed elementor-section-height-default elementor-section-height-default\" data-id=\"7615cf66\" data-element_type=\"section\" id=\"apartamenty\">\n\t\t\t\t\t\t<div class=\"elementor-container elementor-column-gap-default\">\n\t\t\t\t\t<div class=\"elementor-column elementor-col-100 elementor-top-column elementor-element elementor-element-2aa58dec\" data-id=\"2aa58dec\" data-element_type=\"column\">\n\t\t\t<div class=\"elementor-widget-wrap elementor-element-populated\">\n\t\t\t\t\t\t\t\t<div class=\"elementor-element elementor-element-c5c71cb animated-slow elementor-invisible elementor-widget elementor-widget-heading\" data-id=\"c5c71cb\" data-element_type=\"widget\" data-settings=\"{&quot;_animation&quot;:&quot;fadeInUp&quot;,&quot;_animation_delay&quot;:0}\" data-widget_type=\"heading.default\">\n\t\t\t\t<div class=\"elementor-widget-container\">\n\t\t\t<h3 class=\"elementor-heading-title elementor-size-default\"><span>Sich wie zu Hause f\u00fchlen<\/span> <\/h3>\t\t<\/div>\n\t\t\t\t<\/div>\n\t\t\t\t<div class=\"elementor-element elementor-element-1331874f animated-slow elementor-invisible elementor-widget elementor-widget-text-editor\" data-id=\"1331874f\" data-element_type=\"widget\" data-settings=\"{&quot;_animation&quot;:&quot;fadeInUp&quot;,&quot;_animation_delay&quot;:200}\" data-widget_type=\"text-editor.default\">\n\t\t\t\t<div class=\"elementor-widget-container\">\n\t\t\t<style>\/*! elementor - v3.12.1 - 02-04-2023 *\/\n.elementor-widget-text-editor.elementor-drop-cap-view-stacked .elementor-drop-cap{background-color:#69727d;color:#fff}.elementor-widget-text-editor.elementor-drop-cap-view-framed .elementor-drop-cap{color:#69727d;border:3px solid;background-color:transparent}.elementor-widget-text-editor:not(.elementor-drop-cap-view-default) .elementor-drop-cap{margin-top:8px}.elementor-widget-text-editor:not(.elementor-drop-cap-view-default) .elementor-drop-cap-letter{width:1em;height:1em}.elementor-widget-text-editor .elementor-drop-cap{float:left;text-align:center;line-height:1;font-size:50px}.elementor-widget-text-editor .elementor-drop-cap-letter{display:inline-block}<\/style>\t\t\t\t<p>Ottimo Apartamenty Dolina bietet verschiedene Unterkunftsm\u00f6glichkeiten mit kostenlosem WiFi. Es gibt einen Flachbildfernseher und ein eigenes Bad mit Dusche und kostenlosen Toilettenartikeln. Die Kochnische ist mit K\u00fchlschrank, Backofen und Kochfeld ausgestattet. Zur Ausstattung geh\u00f6ren auch ein Toaster und ein Wasserkocher. Alles speziell f\u00fcr Sie zubereitet.<\/p>\n\t\t\t\t\t\t<\/div>\n\t\t\t\t<\/div>\n\t\t\t\t<div class=\"elementor-element elementor-element-2837f52d animated-slow elementor-align-center elementor-invisible elementor-widget elementor-widget-button\" data-id=\"2837f52d\" data-element_type=\"widget\" id=\"nasze-apartamenty\" data-settings=\"{&quot;_animation&quot;:&quot;fadeInUp&quot;,&quot;_animation_delay&quot;:300}\" data-widget_type=\"button.default\">\n\t\t\t\t<div class=\"elementor-widget-container\">\n\t\t\t\t\t<div class=\"elementor-button-wrapper\">\n\t\t\t<a href=\"#nasze-apartamenty\" class=\"elementor-button-link elementor-button elementor-size-sm elementor-animation-float\" role=\"button\">\n\t\t\t\t\t\t<span class=\"elementor-button-content-wrapper\">\n\t\t\t\t\t\t<span class=\"elementor-button-text\">Unsere Wohnungen ansehen<\/span>\n\t\t<\/span>\n\t\t\t\t\t<\/a>\n\t\t<\/div>\n\t\t\t\t<\/div>\n\t\t\t\t<\/div>\n\t\t\t\t\t<\/div>\n\t\t<\/div>\n\t\t\t\t\t\t\t<\/div>\n\t\t<\/section>\n\t\t\t\t<section class=\"elementor-section elementor-top-section elementor-element elementor-element-2e4225d6 elementor-section-boxed elementor-section-height-default elementor-section-height-default\" data-id=\"2e4225d6\" data-element_type=\"section\">\n\t\t\t\t\t\t<div class=\"elementor-container elementor-column-gap-default\">\n\t\t\t\t\t<div class=\"elementor-column elementor-col-100 elementor-top-column elementor-element elementor-element-386ca590\" data-id=\"386ca590\" data-element_type=\"column\">\n\t\t\t<div class=\"elementor-widget-wrap elementor-element-populated\">\n\t\t\t\t\t\t\t\t\t<\/div>\n\t\t<\/div>\n\t\t\t\t\t\t\t<\/div>\n\t\t<\/section>\n\t\t\t\t<section class=\"elementor-section elementor-top-section elementor-element elementor-element-73785f70 elementor-section-boxed elementor-section-height-default elementor-section-height-default\" data-id=\"73785f70\" data-element_type=\"section\" data-settings=\"{&quot;background_background&quot;:&quot;classic&quot;}\">\n\t\t\t\t\t\t<div class=\"elementor-container elementor-column-gap-default\">\n\t\t\t\t\t<div class=\"elementor-column elementor-col-100 elementor-top-column elementor-element elementor-element-332e415a animated-slow elementor-invisible\" data-id=\"332e415a\" data-element_type=\"column\" data-settings=\"{&quot;animation&quot;:&quot;fadeInUp&quot;}\">\n\t\t\t<div class=\"elementor-widget-wrap elementor-element-populated\">\n\t\t\t\t\t\t\t\t<div class=\"elementor-element elementor-element-83e964c elementor-widget elementor-widget-image\" data-id=\"83e964c\" data-element_type=\"widget\" data-widget_type=\"image.default\">\n\t\t\t\t<div class=\"elementor-widget-container\">\n\t\t\t<style>\/*! elementor - v3.12.1 - 02-04-2023 *\/\n.elementor-widget-image{text-align:center}.elementor-widget-image a{display:inline-block}.elementor-widget-image a img[src$=\".svg\"]{width:48px}.elementor-widget-image img{vertical-align:middle;display:inline-block}<\/style>\t\t\t\t\t\t\t\t\t\t\t\t<img loading=\"lazy\" decoding=\"async\" width=\"43\" height=\"35\" src=\"https:\/\/ottimo-apartamenty.pl\/wp-content\/uploads\/2023\/03\/quote.png\" class=\"attachment-large size-large wp-image-486\" alt=\"\" \/>\t\t\t\t\t\t\t\t\t\t\t\t\t\t\t<\/div>\n\t\t\t\t<\/div>\n\t\t\t\t<div class=\"elementor-element elementor-element-6aabbba5 elementor-testimonial--skin-default elementor-testimonial--layout-image_inline elementor-testimonial--align-center elementor-arrows-yes elementor-widget elementor-widget-testimonial-carousel\" data-id=\"6aabbba5\" data-element_type=\"widget\" data-settings=\"{&quot;slides_per_view&quot;:&quot;1&quot;,&quot;slides_to_scroll&quot;:&quot;1&quot;,&quot;speed&quot;:1000,&quot;autoplay_speed&quot;:6000,&quot;show_arrows&quot;:&quot;yes&quot;,&quot;autoplay&quot;:&quot;yes&quot;,&quot;loop&quot;:&quot;yes&quot;,&quot;pause_on_hover&quot;:&quot;yes&quot;,&quot;pause_on_interaction&quot;:&quot;yes&quot;,&quot;space_between&quot;:{&quot;unit&quot;:&quot;px&quot;,&quot;size&quot;:10,&quot;sizes&quot;:[]},&quot;space_between_tablet&quot;:{&quot;unit&quot;:&quot;px&quot;,&quot;size&quot;:10,&quot;sizes&quot;:[]},&quot;space_between_mobile&quot;:{&quot;unit&quot;:&quot;px&quot;,&quot;size&quot;:10,&quot;sizes&quot;:[]}}\" data-widget_type=\"testimonial-carousel.default\">\n\t\t\t\t<div class=\"elementor-widget-container\">\n\t\t\t<link rel=\"stylesheet\" href=\"https:\/\/ottimo-apartamenty.pl\/wp-content\/plugins\/elementor-pro\/assets\/css\/widget-carousel.min.css\">\t\t<div class=\"elementor-swiper\">\n\t\t\t<div class=\"elementor-main-swiper swiper\">\n\t\t\t\t<div class=\"swiper-wrapper\">\n\t\t\t\t\t\t\t\t\t\t\t<div class=\"swiper-slide\">\n\t\t\t\t\t\t\t\t\t<div class=\"elementor-testimonial\">\n\t\t\t\t\t\t\t<div class=\"elementor-testimonial__content\">\n\t\t\t\t\t<div class=\"elementor-testimonial__text\">\n\t\t\t\t\t\t<p>\"Sch\u00f6n eingerichtete Wohnung. Alles neu und sehr gut gepflegt. Sehr guter Kontakt mit dem Gastgeber.\"<\/p>\n\t\t\t\t\t<\/div>\n\t\t\t\t\t\t\t\t\t<\/div>\n\t\t\t\t\t\t<div class=\"elementor-testimonial__footer\">\n\t\t\t\t\t\t\t\t<cite class=\"elementor-testimonial__cite\"><span class=\"elementor-testimonial__name\">Sebastian<\/span><span class=\"elementor-testimonial__title\">booking.com<\/span><\/cite>\t\t\t<\/div>\n\t\t<\/div>\n\t\t\t\t\t\t\t\t<\/div>\n\t\t\t\t\t\t\t\t\t\t\t<div class=\"swiper-slide\">\n\t\t\t\t\t\t\t\t\t<div class=\"elementor-testimonial\">\n\t\t\t\t\t\t\t<div class=\"elementor-testimonial__content\">\n\t\t\t\t\t<div class=\"elementor-testimonial__text\">\n\t\t\t\t\t\t<p>\"Gro\u00dfartiger Ort, ausgestattet mit dem N\u00f6tigsten und der Ausr\u00fcstung. Flach, warm (ich war im November) und ruhig. Und noch mehr: der nette Gastgeber, effizienter und schneller Kontakt, kontaktloser Check-in und Check-out, Sauberkeit!<\/p>\n\t\t\t\t\t<\/div>\n\t\t\t\t\t\t\t\t\t<\/div>\n\t\t\t\t\t\t<div class=\"elementor-testimonial__footer\">\n\t\t\t\t\t\t\t\t<cite class=\"elementor-testimonial__cite\"><span class=\"elementor-testimonial__name\">Zuzanna<\/span><span class=\"elementor-testimonial__title\">booking.com<\/span><\/cite>\t\t\t<\/div>\n\t\t<\/div>\n\t\t\t\t\t\t\t\t<\/div>\n\t\t\t\t\t\t\t\t\t\t\t<div class=\"swiper-slide\">\n\t\t\t\t\t\t\t\t\t<div class=\"elementor-testimonial\">\n\t\t\t\t\t\t\t<div class=\"elementor-testimonial__content\">\n\t\t\t\t\t<div class=\"elementor-testimonial__text\">\n\t\t\t\t\t\t<p>\"Sehr sch\u00f6ne Einrichtung, gute Ausstattung und ein hohes Sicherheitsgef\u00fchl.\"<\/p>\n\t\t\t\t\t<\/div>\n\t\t\t\t\t\t\t\t\t<\/div>\n\t\t\t\t\t\t<div class=\"elementor-testimonial__footer\">\n\t\t\t\t\t\t\t\t<cite class=\"elementor-testimonial__cite\"><span class=\"elementor-testimonial__name\">Nachtigall<\/span><span class=\"elementor-testimonial__title\">booking.com<\/span><\/cite>\t\t\t<\/div>\n\t\t<\/div>\n\t\t\t\t\t\t\t\t<\/div>\n\t\t\t\t\t\t\t\t\t\t\t<div class=\"swiper-slide\">\n\t\t\t\t\t\t\t\t\t<div class=\"elementor-testimonial\">\n\t\t\t\t\t\t\t<div class=\"elementor-testimonial__content\">\n\t\t\t\t\t<div class=\"elementor-testimonial__text\">\n\t\t\t\t\t\t<p>\"G\u00fcnstige Lage. Sauber. Gutes Preis-Leistungs-Verh\u00e4ltnis. Private Umgehung, gut verschlossen.\"<\/p>\n\t\t\t\t\t<\/div>\n\t\t\t\t\t\t\t\t\t<\/div>\n\t\t\t\t\t\t<div class=\"elementor-testimonial__footer\">\n\t\t\t\t\t\t\t\t<cite class=\"elementor-testimonial__cite\"><span class=\"elementor-testimonial__name\">Kinga<\/span><span class=\"elementor-testimonial__title\">booking.com<\/span><\/cite>\t\t\t<\/div>\n\t\t<\/div>\n\t\t\t\t\t\t\t\t<\/div>\n\t\t\t\t\t\t\t\t\t<\/div>\n\t\t\t\t\t\t\t\t\t\t\t\t\t\t\t\t\t\t\t\t<div class=\"elementor-swiper-button elementor-swiper-button-prev\">\n\t\t\t\t\t\t\t<i aria-hidden=\"true\" class=\"eicon-chevron-left\"><\/i>\t\t\t\t\t\t\t<span class=\"elementor-screen-only\">Voriger<\/span>\n\t\t\t\t\t\t<\/div>\n\t\t\t\t\t\t<div class=\"elementor-swiper-button elementor-swiper-button-next\">\n\t\t\t\t\t\t\t<i aria-hidden=\"true\" class=\"eicon-chevron-right\"><\/i>\t\t\t\t\t\t\t<span class=\"elementor-screen-only\">N\u00e4chster<\/span>\n\t\t\t\t\t\t<\/div>\n\t\t\t\t\t\t\t\t\t\t\t\t<\/div>\n\t\t<\/div>\n\t\t\t\t<\/div>\n\t\t\t\t<\/div>\n\t\t\t\t\t<\/div>\n\t\t<\/div>\n\t\t\t\t\t\t\t<\/div>\n\t\t<\/section>\n\t\t\t\t<section class=\"elementor-section elementor-top-section elementor-element elementor-element-6eafa8db elementor-section-boxed elementor-section-height-default elementor-section-height-default\" data-id=\"6eafa8db\" data-element_type=\"section\">\n\t\t\t\t\t\t<div class=\"elementor-container elementor-column-gap-default\">\n\t\t\t\t\t<div class=\"elementor-column elementor-col-100 elementor-top-column elementor-element elementor-element-5746ff00\" data-id=\"5746ff00\" data-element_type=\"column\">\n\t\t\t<div class=\"elementor-widget-wrap elementor-element-populated\">\n\t\t\t\t\t\t\t\t<div class=\"elementor-element elementor-element-2793fa45 animated-slow elementor-invisible elementor-widget elementor-widget-heading\" data-id=\"2793fa45\" data-element_type=\"widget\" data-settings=\"{&quot;_animation&quot;:&quot;fadeInUp&quot;,&quot;_animation_delay&quot;:0}\" data-widget_type=\"heading.default\">\n\t\t\t\t<div class=\"elementor-widget-container\">\n\t\t\t<h3 class=\"elementor-heading-title elementor-size-default\"><span>Einzigartige<\/span> Lage<\/h3>\t\t<\/div>\n\t\t\t\t<\/div>\n\t\t\t\t<div class=\"elementor-element elementor-element-126ebe11 animated-slow elementor-invisible elementor-widget elementor-widget-text-editor\" data-id=\"126ebe11\" data-element_type=\"widget\" data-settings=\"{&quot;_animation&quot;:&quot;fadeInUp&quot;,&quot;_animation_delay&quot;:200}\" data-widget_type=\"text-editor.default\">\n\t\t\t\t<div class=\"elementor-widget-container\">\n\t\t\t\t\t\t\t<p>Die Wohnungen befinden sich im Herzen von Bydgoszcz. Die M\u00fchleninsel, der Alte Markt, das Neue Opernhaus, das Polnische Theater und die Philharmonie sind allesamt Orte, die sich in &#8222;Reichweite&#8220; befinden. Einkaufszentren (Rondo, Focus, Zielone Arkady) befinden sich in unmittelbarer N\u00e4he. Parkpl\u00e4tze befinden sich direkt vor dem Geb\u00e4ude an der Stra\u00dfe. Die Wohnung liegt an einem der wichtigsten Verkehrsknotenpunkte der Stadt (Busse und Stra\u00dfenbahnen der meisten Linien sind verf\u00fcgbar), und auch der Busbahnhof ist nicht weit entfernt.<\/p>\n\t\t\t\t\t\t<\/div>\n\t\t\t\t<\/div>\n\t\t\t\t<section class=\"elementor-section elementor-inner-section elementor-element elementor-element-5add32b0 elementor-section-boxed elementor-section-height-default elementor-section-height-default\" data-id=\"5add32b0\" data-element_type=\"section\">\n\t\t\t\t\t\t<div class=\"elementor-container elementor-column-gap-default\">\n\t\t\t\t\t<div class=\"elementor-column elementor-col-33 elementor-inner-column elementor-element elementor-element-98bbb2b\" data-id=\"98bbb2b\" data-element_type=\"column\">\n\t\t\t<div class=\"elementor-widget-wrap elementor-element-populated\">\n\t\t\t\t\t\t\t\t<div class=\"elementor-element elementor-element-4f36554f odleglosci animated-slow elementor-invisible elementor-widget elementor-widget-text-editor\" data-id=\"4f36554f\" data-element_type=\"widget\" data-settings=\"{&quot;_animation&quot;:&quot;fadeInUp&quot;}\" data-widget_type=\"text-editor.default\">\n\t\t\t\t<div class=\"elementor-widget-container\">\n\t\t\t\t\t\t\t<table>\n<tbody>\n<tr>\n<td>300 m<\/td>\n<td>Kreisverkehr Grunwaldzkie<\/td>\n<\/tr>\n<tr>\n<td>500 m<\/td>\n<td>Pozna\u0144-Platz<\/td>\n<\/tr>\n<tr>\n<td>650 m<\/td>\n<td>Chelminski-Platz<\/td>\n<\/tr>\n<tr>\n<td>650 m<\/td>\n<td>D\u0105browskiego-H\u00fcgel<\/td>\n<\/tr>\n<tr>\n<td>700 m<\/td>\n<td>Platz der Ehrenblutspender<\/td>\n<\/tr>\n<tr>\n<td>750 m<\/td>\n<td>quadratisch prof. J\u00f3zef Kalu\u017cny<\/td>\n<\/tr>\n<tr>\n<td>800 m<\/td>\n<td>Wasserturm<\/td>\n<\/tr>\n<tr>\n<td>850 m<\/td>\n<td>Tal der f\u00fcnf Teiche<\/td>\n<\/tr>\n<tr>\n<td>900 m<\/td>\n<td>Bydgoszcz Venedig<\/td>\n<\/tr>\n<tr>\n<td>950 m<\/td>\n<td>Museum f\u00fcr Fotografie<\/td>\n<\/tr>\n<tr>\n<td>1,1 km<\/td>\n<td>K\u00f6nigin-Jadwiga-Br\u00fccke<\/td>\n<\/tr>\n<\/tbody>\n<\/table>\n\t\t\t\t\t\t<\/div>\n\t\t\t\t<\/div>\n\t\t\t\t\t<\/div>\n\t\t<\/div>\n\t\t\t\t<div class=\"elementor-column elementor-col-33 elementor-inner-column elementor-element elementor-element-5ab382eb\" data-id=\"5ab382eb\" data-element_type=\"column\">\n\t\t\t<div class=\"elementor-widget-wrap elementor-element-populated\">\n\t\t\t\t\t\t\t\t<div class=\"elementor-element elementor-element-23d3b95e odleglosci animated-slow elementor-invisible elementor-widget elementor-widget-text-editor\" data-id=\"23d3b95e\" data-element_type=\"widget\" data-settings=\"{&quot;_animation&quot;:&quot;fadeInUp&quot;}\" data-widget_type=\"text-editor.default\">\n\t\t\t\t<div class=\"elementor-widget-container\">\n\t\t\t\t\t\t\t<table>\n<tbody>\n<tr>\n<td>1,3 km<\/td>\n<td>Denkmal des Kampfes und des M\u00e4rtyrertums<\/td>\n<\/tr>\n<tr>\n<td>1,4 km<\/td>\n<td>Skulptur &#8222;Die \u00dcberquerung des Flusses&#8220;<\/td>\n<\/tr>\n<tr>\n<td>1,4 km<\/td>\n<td>Getreidespeicher<\/td>\n<\/tr>\n<tr>\n<td>1,5 km<\/td>\n<td>Markthalle<\/td>\n<\/tr>\n<tr>\n<td>1,5 km<\/td>\n<td>Das Emanuel District Museum. Leon Wycz\u00f3\u0142kowski<\/td>\n<\/tr>\n<tr>\n<td>1,8 km<\/td>\n<td>ul. August Cieszkowski<\/td>\n<\/tr>\n<tr>\n<td>3,2 km<\/td>\n<td>Pommersches Milit\u00e4rmuseum<\/td>\n<\/tr>\n<tr>\n<td>6 km<\/td>\n<td>Osowa G\u00f3ra Park<\/td>\n<\/tr>\n<tr>\n<td>15 km<\/td>\n<td>Bydgoszcz-Kanal<\/td>\n<\/tr>\n<\/tbody>\n<\/table>\n\t\t\t\t\t\t<\/div>\n\t\t\t\t<\/div>\n\t\t\t\t\t<\/div>\n\t\t<\/div>\n\t\t\t\t<div class=\"elementor-column elementor-col-33 elementor-inner-column elementor-element elementor-element-4bbc6b56\" data-id=\"4bbc6b56\" data-element_type=\"column\">\n\t\t\t<div class=\"elementor-widget-wrap elementor-element-populated\">\n\t\t\t\t\t\t\t\t<div class=\"elementor-element elementor-element-1f1b5c0f odleglosci animated-slow elementor-invisible elementor-widget elementor-widget-text-editor\" data-id=\"1f1b5c0f\" data-element_type=\"widget\" data-settings=\"{&quot;_animation&quot;:&quot;fadeInUp&quot;}\" data-widget_type=\"text-editor.default\">\n\t\t\t\t<div class=\"elementor-widget-container\">\n\t\t\t\t\t\t\t<table>\n<tbody>\n<tr>\n<td>1,4 km<\/td>\n<td>PKP Bydgoszcz G\u0142\u00f3wna<\/td>\n<\/tr>\n<tr>\n<td>3 km<\/td>\n<td>Flughafen Bydgoszcz-Szwederowo<\/td>\n<\/tr>\n<tr>\n<td>150 m<\/td>\n<td>KFC<\/td>\n<\/tr>\n<tr>\n<td>200 m<\/td>\n<td>Sowa-Konditorei<\/td>\n<\/tr>\n<tr>\n<td>250 m<\/td>\n<td>Restaurant Baalbek<\/td>\n<\/tr>\n<\/tbody>\n<\/table>\n\t\t\t\t\t\t<\/div>\n\t\t\t\t<\/div>\n\t\t\t\t\t<\/div>\n\t\t<\/div>\n\t\t\t\t\t\t\t<\/div>\n\t\t<\/section>\n\t\t\t\t\t<\/div>\n\t\t<\/div>\n\t\t\t\t\t\t\t<\/div>\n\t\t<\/section>\n\t\t\t\t<section class=\"elementor-section elementor-top-section elementor-element elementor-element-2a2b8995 elementor-section-full_width mapa elementor-section-height-default elementor-section-height-default\" data-id=\"2a2b8995\" data-element_type=\"section\">\n\t\t\t\t\t\t<div class=\"elementor-container elementor-column-gap-default\">\n\t\t\t\t\t<div class=\"elementor-column elementor-col-100 elementor-top-column elementor-element elementor-element-7c271889\" data-id=\"7c271889\" data-element_type=\"column\">\n\t\t\t<div class=\"elementor-widget-wrap elementor-element-populated\">\n\t\t\t\t\t\t\t\t<div class=\"elementor-element elementor-element-3d22e7dd elementor-widget elementor-widget-html\" data-id=\"3d22e7dd\" data-element_type=\"widget\" data-widget_type=\"html.default\">\n\t\t\t\t<div class=\"elementor-widget-container\">\n\t\t\t<iframe src=\"https:\/\/www.google.com\/maps\/embed?pb=!1m18!1m12!1m3!1d9576.901580196363!2d17.982670220186833!3d53.12409937893307!2m3!1f0!2f0!3f0!3m2!1i1024!2i768!4f13.1!3m3!1m2!1s0x470313b3abfa92cb%3A0x6fc595b8bf0a5aca!2sDolina%2039%2C%2085-212%20Bydgoszcz!5e0!3m2!1sen!2spl!4v1679236884634!5m2!1sen!2spl\" width=\"100%\" height=\"500\" style=\"border:0;\" allowfullscreen=\"\" loading=\"lazy\" referrerpolicy=\"no-referrer-when-downgrade\"><\/iframe>\t\t<\/div>\n\t\t\t\t<\/div>\n\t\t\t\t\t<\/div>\n\t\t<\/div>\n\t\t\t\t\t\t\t<\/div>\n\t\t<\/section>\n\t\t\t\t\t\t\t<\/div>\n\t\t","protected":false},"excerpt":{"rendered":"<p>Dolina Wohnungen ul. Tal 39 Startseite &gt; Wohnungen &gt; Dolina Wohnungen Sich wie zu Hause f\u00fchlen Ottimo Apartamenty Dolina bietet verschiedene Unterkunftsm\u00f6glichkeiten mit kostenlosem WiFi. Es gibt einen Flachbildfernseher und ein eigenes Bad mit Dusche und kostenlosen Toilettenartikeln. Die Kochnische ist mit K\u00fchlschrank, Backofen und Kochfeld ausgestattet. Zur Ausstattung geh\u00f6ren auch ein Toaster und ein [&hellip;]<\/p>\n","protected":false},"author":1,"featured_media":0,"parent":0,"menu_order":0,"comment_status":"closed","ping_status":"closed","template":"","meta":{"footnotes":""},"class_list":["post-3111","page","type-page","status-publish","hentry"],"acf":[],"_links":{"self":[{"href":"https:\/\/ottimo-apartamenty.pl\/de\/wp-json\/wp\/v2\/pages\/3111","targetHints":{"allow":["GET"]}}],"collection":[{"href":"https:\/\/ottimo-apartamenty.pl\/de\/wp-json\/wp\/v2\/pages"}],"about":[{"href":"https:\/\/ottimo-apartamenty.pl\/de\/wp-json\/wp\/v2\/types\/page"}],"author":[{"embeddable":true,"href":"https:\/\/ottimo-apartamenty.pl\/de\/wp-json\/wp\/v2\/users\/1"}],"replies":[{"embeddable":true,"href":"https:\/\/ottimo-apartamenty.pl\/de\/wp-json\/wp\/v2\/comments?post=3111"}],"version-history":[{"count":2,"href":"https:\/\/ottimo-apartamenty.pl\/de\/wp-json\/wp\/v2\/pages\/3111\/revisions"}],"predecessor-version":[{"id":4764,"href":"https:\/\/ottimo-apartamenty.pl\/de\/wp-json\/wp\/v2\/pages\/3111\/revisions\/4764"}],"wp:attachment":[{"href":"https:\/\/ottimo-apartamenty.pl\/de\/wp-json\/wp\/v2\/media?parent=3111"}],"curies":[{"name":"wp","href":"https:\/\/api.w.org\/{rel}","templated":true}]}}