{"id":3082,"date":"2023-03-22T10:44:15","date_gmt":"2023-03-22T09:44:15","guid":{"rendered":"http:\/\/ottimo-apartamenty.pl\/datenschutzbestimmungen\/"},"modified":"2023-03-31T14:31:27","modified_gmt":"2023-03-31T12:31:27","slug":"datenschutzbestimmungen","status":"publish","type":"page","link":"https:\/\/ottimo-apartamenty.pl\/de\/datenschutzbestimmungen\/","title":{"rendered":"Datenschutzbestimmungen"},"content":{"rendered":"\t\t<div data-elementor-type=\"wp-page\" data-elementor-id=\"3082\" class=\"elementor elementor-3082 elementor-1978\">\n\t\t\t\t\t\t\t\t\t<section class=\"elementor-section elementor-top-section elementor-element elementor-element-555194c8 elementor-section-height-min-height elementor-section-boxed elementor-section-height-default elementor-section-items-middle\" data-id=\"555194c8\" data-element_type=\"section\" id=\"naglowek\" data-settings=\"{&quot;background_background&quot;:&quot;classic&quot;}\">\n\t\t\t\t\t\t<div class=\"elementor-container elementor-column-gap-default\">\n\t\t\t\t\t<div class=\"elementor-column elementor-col-100 elementor-top-column elementor-element elementor-element-77b96e31\" data-id=\"77b96e31\" data-element_type=\"column\">\n\t\t\t<div class=\"elementor-widget-wrap elementor-element-populated\">\n\t\t\t\t\t\t\t\t<div class=\"elementor-element elementor-element-3338654c tytul animated-slow elementor-invisible elementor-widget elementor-widget-heading\" data-id=\"3338654c\" data-element_type=\"widget\" data-settings=\"{&quot;_animation&quot;:&quot;fadeInUp&quot;}\" data-widget_type=\"heading.default\">\n\t\t\t\t<div class=\"elementor-widget-container\">\n\t\t\t<style>\/*! elementor - v3.12.1 - 02-04-2023 *\/\n.elementor-heading-title{padding:0;margin:0;line-height:1}.elementor-widget-heading .elementor-heading-title[class*=elementor-size-]>a{color:inherit;font-size:inherit;line-height:inherit}.elementor-widget-heading .elementor-heading-title.elementor-size-small{font-size:15px}.elementor-widget-heading .elementor-heading-title.elementor-size-medium{font-size:19px}.elementor-widget-heading .elementor-heading-title.elementor-size-large{font-size:29px}.elementor-widget-heading .elementor-heading-title.elementor-size-xl{font-size:39px}.elementor-widget-heading .elementor-heading-title.elementor-size-xxl{font-size:59px}<\/style><h1 class=\"elementor-heading-title elementor-size-default\">Rezeption<\/h1>\t\t<\/div>\n\t\t\t\t<\/div>\n\t\t\t\t\t<\/div>\n\t\t<\/div>\n\t\t\t\t\t\t\t<\/div>\n\t\t<\/section>\n\t\t\t\t<section class=\"elementor-section elementor-top-section elementor-element elementor-element-1a4fff02 breadcrumbs elementor-section-boxed elementor-section-height-default elementor-section-height-default\" data-id=\"1a4fff02\" data-element_type=\"section\" data-settings=\"{&quot;background_background&quot;:&quot;classic&quot;}\">\n\t\t\t\t\t\t<div class=\"elementor-container elementor-column-gap-default\">\n\t\t\t\t\t<div class=\"elementor-column elementor-col-100 elementor-top-column elementor-element elementor-element-1de642ea\" data-id=\"1de642ea\" data-element_type=\"column\">\n\t\t\t<div class=\"elementor-widget-wrap elementor-element-populated\">\n\t\t\t\t\t\t\t\t<div class=\"elementor-element elementor-element-b251d11 animated-slow elementor-invisible elementor-widget elementor-widget-heading\" data-id=\"b251d11\" data-element_type=\"widget\" data-settings=\"{&quot;_animation&quot;:&quot;fadeInUp&quot;}\" data-widget_type=\"heading.default\">\n\t\t\t\t<div class=\"elementor-widget-container\">\n\t\t\t<p class=\"elementor-heading-title elementor-size-default\"><a href=\"http:\/\/ottimo-apartamenty.pl\">Startseite<\/a> <span>&gt;<\/span> Rezeption<\/p>\t\t<\/div>\n\t\t\t\t<\/div>\n\t\t\t\t\t<\/div>\n\t\t<\/div>\n\t\t\t\t\t\t\t<\/div>\n\t\t<\/section>\n\t\t\t\t<section class=\"elementor-section elementor-top-section elementor-element elementor-element-36ff899b elementor-section-boxed elementor-section-height-default elementor-section-height-default\" data-id=\"36ff899b\" data-element_type=\"section\">\n\t\t\t\t\t\t<div class=\"elementor-container elementor-column-gap-default\">\n\t\t\t\t\t<div class=\"elementor-column elementor-col-100 elementor-top-column elementor-element elementor-element-2bc2e87c\" data-id=\"2bc2e87c\" data-element_type=\"column\">\n\t\t\t<div class=\"elementor-widget-wrap elementor-element-populated\">\n\t\t\t\t\t\t\t\t<div class=\"elementor-element elementor-element-572d2ecd elementor-widget elementor-widget-heading\" data-id=\"572d2ecd\" data-element_type=\"widget\" data-widget_type=\"heading.default\">\n\t\t\t\t<div class=\"elementor-widget-container\">\n\t\t\t<h2 class=\"elementor-heading-title elementor-size-default\">VERARBEITUNG VON PERSONENBEZOGENEN DATEN<\/h2>\t\t<\/div>\n\t\t\t\t<\/div>\n\t\t\t\t<div class=\"elementor-element elementor-element-73bacd69 przetwarzanie elementor-widget elementor-widget-text-editor\" data-id=\"73bacd69\" data-element_type=\"widget\" data-widget_type=\"text-editor.default\">\n\t\t\t\t<div class=\"elementor-widget-container\">\n\t\t\t<style>\/*! elementor - v3.12.1 - 02-04-2023 *\/\n.elementor-widget-text-editor.elementor-drop-cap-view-stacked .elementor-drop-cap{background-color:#69727d;color:#fff}.elementor-widget-text-editor.elementor-drop-cap-view-framed .elementor-drop-cap{color:#69727d;border:3px solid;background-color:transparent}.elementor-widget-text-editor:not(.elementor-drop-cap-view-default) .elementor-drop-cap{margin-top:8px}.elementor-widget-text-editor:not(.elementor-drop-cap-view-default) .elementor-drop-cap-letter{width:1em;height:1em}.elementor-widget-text-editor .elementor-drop-cap{float:left;text-align:center;line-height:1;font-size:50px}.elementor-widget-text-editor .elementor-drop-cap-letter{display:inline-block}<\/style>\t\t\t\t<p>Ottimo Apartments verpflichtet sich, die Verarbeitung von G\u00e4stedaten mit den h\u00f6chsten Sicherheitsstandards in \u00dcbereinstimmung mit der Allgemeinen Datenschutzverordnung vom 27. April 2016 zu gew\u00e4hrleisten. (Amtsblatt der EU L 119 vom 04.05.2016) (nachstehend &#8222;RODO&#8220; genannt).<\/p>\n<ol>\n<li>Der Verwalter Ihrer pers\u00f6nlichen Daten ist Ottimo Invest Dariusz Wende, ul. Gronostajowa 23, 876-031 Osielsko NIP:8792455564<\/li>\n<li>Der Zweck der Verarbeitung ist:\n<ol>\n<li>Bearbeitung von Ersuchen, die &#8211; auf der Grundlage von Art. 6 Abs. 1(a) der RODO &#8211; Einwilligung der betroffenen Person;<\/li>\n<li>Gegenstandsvorbehalt &#8211; gem\u00e4\u00df Art. 6 Abs. 1(a) der RODO &#8211; Einwilligung der betroffenen Person;<\/li>\n<li>Erf\u00fcllung eines Dienstleistungsvertrags &#8211; gem\u00e4\u00df Art. 6 Abs. 1(b) RODO;<\/li>\n<li>Vermarktung der Dienstleistungen des f\u00fcr die Verarbeitung Verantwortlichen &#8211; auf der Grundlage von Art. 6 Abs. 1(a) der RODO &#8211; vorbehaltlich der Zustimmung der betroffenen Person;<\/li>\n<\/ol>\n<\/li>\n<li>Empf\u00e4nger von personenbezogenen Daten k\u00f6nnen sein:\n<ol>\n<li>externe Rechnungsstelle;<\/li>\n<li>Anbieter einer Reservierungsplattform f\u00fcr Dienstleistungen;<\/li>\n<li>Unternehmen, die Marketingdienstleistungen anbieten;<\/li>\n<li>Anbieter einer Anwendung zur \u00dcbermittlung von Gesch\u00e4ftsinformationen;<\/li>\n<li>Stellen, die aufgrund gesetzlicher Bestimmungen berechtigt sind, personenbezogene Daten zu erhalten,<\/li>\n<\/ol>\n<\/li>\n<li>Sie haben das Recht, von dem f\u00fcr die Verarbeitung Verantwortlichen Auskunft \u00fcber Ihre personenbezogenen Daten zu verlangen, das Recht auf Berichtigung, das Recht auf Daten\u00fcbertragbarkeit &#8211; dies gilt f\u00fcr Zwecke, die sich aus den von dem f\u00fcr die Verarbeitung Verantwortlichen verfolgten berechtigten Interessen oder aus der Erf\u00fcllung eines Dienstleistungsvertrags ergeben, und &#8211; soweit Sie eingewilligt haben &#8211; auch das Recht auf L\u00f6schung oder Einschr\u00e4nkung der Verarbeitung, das Recht auf Widerspruch gegen die Verarbeitung und das Recht, die Einwilligung jederzeit zu widerrufen;<\/li>\n<li>Sie haben das Recht, eine Beschwerde bei der Aufsichtsbeh\u00f6rde einzureichen.<\/li>\n<\/ol>\n\t\t\t\t\t\t<\/div>\n\t\t\t\t<\/div>\n\t\t\t\t\t<\/div>\n\t\t<\/div>\n\t\t\t\t\t\t\t<\/div>\n\t\t<\/section>\n\t\t\t\t\t\t\t<\/div>\n\t\t","protected":false},"excerpt":{"rendered":"<p>Rezeption Startseite &gt; Rezeption VERARBEITUNG VON PERSONENBEZOGENEN DATEN Ottimo Apartments verpflichtet sich, die Verarbeitung von G\u00e4stedaten mit den h\u00f6chsten Sicherheitsstandards in \u00dcbereinstimmung mit der Allgemeinen Datenschutzverordnung vom 27. April 2016 zu gew\u00e4hrleisten. (Amtsblatt der EU L 119 vom 04.05.2016) (nachstehend &#8222;RODO&#8220; genannt). Der Verwalter Ihrer pers\u00f6nlichen Daten ist Ottimo Invest Dariusz Wende, ul. Gronostajowa 23, [&hellip;]<\/p>\n","protected":false},"author":1,"featured_media":0,"parent":0,"menu_order":0,"comment_status":"closed","ping_status":"closed","template":"","meta":{"footnotes":""},"class_list":["post-3082","page","type-page","status-publish","hentry"],"acf":[],"_links":{"self":[{"href":"https:\/\/ottimo-apartamenty.pl\/de\/wp-json\/wp\/v2\/pages\/3082","targetHints":{"allow":["GET"]}}],"collection":[{"href":"https:\/\/ottimo-apartamenty.pl\/de\/wp-json\/wp\/v2\/pages"}],"about":[{"href":"https:\/\/ottimo-apartamenty.pl\/de\/wp-json\/wp\/v2\/types\/page"}],"author":[{"embeddable":true,"href":"https:\/\/ottimo-apartamenty.pl\/de\/wp-json\/wp\/v2\/users\/1"}],"replies":[{"embeddable":true,"href":"https:\/\/ottimo-apartamenty.pl\/de\/wp-json\/wp\/v2\/comments?post=3082"}],"version-history":[{"count":4,"href":"https:\/\/ottimo-apartamenty.pl\/de\/wp-json\/wp\/v2\/pages\/3082\/revisions"}],"predecessor-version":[{"id":3678,"href":"https:\/\/ottimo-apartamenty.pl\/de\/wp-json\/wp\/v2\/pages\/3082\/revisions\/3678"}],"wp:attachment":[{"href":"https:\/\/ottimo-apartamenty.pl\/de\/wp-json\/wp\/v2\/media?parent=3082"}],"curies":[{"name":"wp","href":"https:\/\/api.w.org\/{rel}","templated":true}]}}