{"id":3059,"date":"2023-03-22T10:07:41","date_gmt":"2023-03-22T09:07:41","guid":{"rendered":"http:\/\/ottimo-apartamenty.pl\/verordnungen\/"},"modified":"2025-02-20T10:19:56","modified_gmt":"2025-02-20T09:19:56","slug":"verordnungen","status":"publish","type":"page","link":"https:\/\/ottimo-apartamenty.pl\/de\/verordnungen\/","title":{"rendered":"Verordnungen"},"content":{"rendered":"\t\t<div data-elementor-type=\"wp-page\" data-elementor-id=\"3059\" class=\"elementor elementor-3059 elementor-1953\">\n\t\t\t\t\t\t\t\t\t<section class=\"elementor-section elementor-top-section elementor-element elementor-element-34bf23d6 elementor-section-height-min-height elementor-section-boxed elementor-section-height-default elementor-section-items-middle\" data-id=\"34bf23d6\" data-element_type=\"section\" id=\"naglowek\" data-settings=\"{&quot;background_background&quot;:&quot;classic&quot;}\">\n\t\t\t\t\t\t<div class=\"elementor-container elementor-column-gap-default\">\n\t\t\t\t\t<div class=\"elementor-column elementor-col-100 elementor-top-column elementor-element elementor-element-52df937\" data-id=\"52df937\" data-element_type=\"column\">\n\t\t\t<div class=\"elementor-widget-wrap elementor-element-populated\">\n\t\t\t\t\t\t\t\t<div class=\"elementor-element elementor-element-2398c693 tytul animated-slow elementor-invisible elementor-widget elementor-widget-heading\" data-id=\"2398c693\" data-element_type=\"widget\" data-settings=\"{&quot;_animation&quot;:&quot;fadeInUp&quot;}\" data-widget_type=\"heading.default\">\n\t\t\t\t<div class=\"elementor-widget-container\">\n\t\t\t<style>\/*! elementor - v3.12.1 - 02-04-2023 *\/\n.elementor-heading-title{padding:0;margin:0;line-height:1}.elementor-widget-heading .elementor-heading-title[class*=elementor-size-]>a{color:inherit;font-size:inherit;line-height:inherit}.elementor-widget-heading .elementor-heading-title.elementor-size-small{font-size:15px}.elementor-widget-heading .elementor-heading-title.elementor-size-medium{font-size:19px}.elementor-widget-heading .elementor-heading-title.elementor-size-large{font-size:29px}.elementor-widget-heading .elementor-heading-title.elementor-size-xl{font-size:39px}.elementor-widget-heading .elementor-heading-title.elementor-size-xxl{font-size:59px}<\/style><h1 class=\"elementor-heading-title elementor-size-default\">Verordnungen<\/h1>\t\t<\/div>\n\t\t\t\t<\/div>\n\t\t\t\t\t<\/div>\n\t\t<\/div>\n\t\t\t\t\t\t\t<\/div>\n\t\t<\/section>\n\t\t\t\t<section class=\"elementor-section elementor-top-section elementor-element elementor-element-5d0d618c breadcrumbs elementor-section-boxed elementor-section-height-default elementor-section-height-default\" data-id=\"5d0d618c\" data-element_type=\"section\" data-settings=\"{&quot;background_background&quot;:&quot;classic&quot;}\">\n\t\t\t\t\t\t<div class=\"elementor-container elementor-column-gap-default\">\n\t\t\t\t\t<div class=\"elementor-column elementor-col-100 elementor-top-column elementor-element elementor-element-4b70bcc4\" data-id=\"4b70bcc4\" data-element_type=\"column\">\n\t\t\t<div class=\"elementor-widget-wrap elementor-element-populated\">\n\t\t\t\t\t\t\t\t<div class=\"elementor-element elementor-element-7264ef02 animated-slow elementor-invisible elementor-widget elementor-widget-heading\" data-id=\"7264ef02\" data-element_type=\"widget\" data-settings=\"{&quot;_animation&quot;:&quot;fadeInUp&quot;}\" data-widget_type=\"heading.default\">\n\t\t\t\t<div class=\"elementor-widget-container\">\n\t\t\t<p class=\"elementor-heading-title elementor-size-default\"><a href=\"http:\/\/ottimo-apartamenty.pl\">Startseite<\/a> <span>&gt;<\/span> Verordnungen<\/p>\t\t<\/div>\n\t\t\t\t<\/div>\n\t\t\t\t\t<\/div>\n\t\t<\/div>\n\t\t\t\t\t\t\t<\/div>\n\t\t<\/section>\n\t\t\t\t<section class=\"elementor-section elementor-top-section elementor-element elementor-element-890f4c9 elementor-section-boxed elementor-section-height-default elementor-section-height-default\" data-id=\"890f4c9\" data-element_type=\"section\">\n\t\t\t\t\t\t<div class=\"elementor-container elementor-column-gap-default\">\n\t\t\t\t\t<div class=\"elementor-column elementor-col-100 elementor-top-column elementor-element elementor-element-c37443b\" data-id=\"c37443b\" data-element_type=\"column\">\n\t\t\t<div class=\"elementor-widget-wrap elementor-element-populated\">\n\t\t\t\t\t\t\t\t<div class=\"elementor-element elementor-element-058ab93 elementor-widget elementor-widget-heading\" data-id=\"058ab93\" data-element_type=\"widget\" data-widget_type=\"heading.default\">\n\t\t\t\t<div class=\"elementor-widget-container\">\n\t\t\t<h2 class=\"elementor-heading-title elementor-size-default\">ANLAGENVERORDNUNG<\/h2>\t\t<\/div>\n\t\t\t\t<\/div>\n\t\t\t\t<div class=\"elementor-element elementor-element-b5901b7 elementor-widget elementor-widget-text-editor\" data-id=\"b5901b7\" data-element_type=\"widget\" data-widget_type=\"text-editor.default\">\n\t\t\t\t<div class=\"elementor-widget-container\">\n\t\t\t<style>\/*! elementor - v3.12.1 - 02-04-2023 *\/\n.elementor-widget-text-editor.elementor-drop-cap-view-stacked .elementor-drop-cap{background-color:#69727d;color:#fff}.elementor-widget-text-editor.elementor-drop-cap-view-framed .elementor-drop-cap{color:#69727d;border:3px solid;background-color:transparent}.elementor-widget-text-editor:not(.elementor-drop-cap-view-default) .elementor-drop-cap{margin-top:8px}.elementor-widget-text-editor:not(.elementor-drop-cap-view-default) .elementor-drop-cap-letter{width:1em;height:1em}.elementor-widget-text-editor .elementor-drop-cap{float:left;text-align:center;line-height:1;font-size:50px}.elementor-widget-text-editor .elementor-drop-cap-letter{display:inline-block}<\/style>\t\t\t\t<p>Diese Regeln und Vorschriften sollen einen friedlichen und sicheren Aufenthalt f\u00fcr alle unsere G\u00e4ste gew\u00e4hrleisten.<\/p>\n\t\t\t\t\t\t<\/div>\n\t\t\t\t<\/div>\n\t\t\t\t<div class=\"elementor-element elementor-element-b7b6df1 elementor-widget elementor-widget-heading\" data-id=\"b7b6df1\" data-element_type=\"widget\" data-widget_type=\"heading.default\">\n\t\t\t\t<div class=\"elementor-widget-container\">\n\t\t\t<h3 class=\"elementor-heading-title elementor-size-default\">GEGENSTAND DER VORSCHRIFTEN<\/h3>\t\t<\/div>\n\t\t\t\t<\/div>\n\t\t\t\t<div class=\"elementor-element elementor-element-7f73b42 elementor-widget elementor-widget-text-editor\" data-id=\"7f73b42\" data-element_type=\"widget\" data-widget_type=\"text-editor.default\">\n\t\t\t\t<div class=\"elementor-widget-container\">\n\t\t\t\t\t\t\t<ol>\n<li>Die Hausordnung legt die Regeln f\u00fcr die Erbringung von Dienstleistungen, die Haftung und den Aufenthalt in den R\u00e4umlichkeiten der Apartments fest und ist integraler Bestandteil des Vertrags, der durch die Buchung oder die Zahlung einer Anzahlung oder des gesamten Aufenthaltsbetrags abgeschlossen wird. Mit der Durchf\u00fchrung der oben genannten Handlung best\u00e4tigt der Gast, dass er die Allgemeinen Gesch\u00e4ftsbedingungen gelesen hat und sie akzeptiert.<\/li>\n<li>Die Bestimmungen gelten f\u00fcr alle G\u00e4ste, die in den &#8222;Ottimo Apartments&#8220; \u00fcbernachten. Die Vorschriften liegen in jeder Wohnung zur Einsichtnahme aus und sind auch auf der Website <a href=\"http:\/\/ottimo-apartamenty.pl\">http:\/\/ottimo-apartamenty.pl zu finden.<\/a><\/li>\n<li>Der Eigent\u00fcmer von Ottimo Apartments ist Ottimo Invest Dariusz Wende ul. Gronostajowa 23 86-031 Osielsko NIP: 8792455564<\/li>\n<\/ol>\n\t\t\t\t\t\t<\/div>\n\t\t\t\t<\/div>\n\t\t\t\t<div class=\"elementor-element elementor-element-0f562c8 elementor-widget elementor-widget-heading\" data-id=\"0f562c8\" data-element_type=\"widget\" data-widget_type=\"heading.default\">\n\t\t\t\t<div class=\"elementor-widget-container\">\n\t\t\t<h3 class=\"elementor-heading-title elementor-size-default\">EINCHECKEN UND AUSCHECKEN<\/h3>\t\t<\/div>\n\t\t\t\t<\/div>\n\t\t\t\t<div class=\"elementor-element elementor-element-d6c2ded elementor-widget elementor-widget-text-editor\" data-id=\"d6c2ded\" data-element_type=\"widget\" data-widget_type=\"text-editor.default\">\n\t\t\t\t<div class=\"elementor-widget-container\">\n\t\t\t\t\t\t\t<ol>\n<li>Ottimo Apartments werden tageweise vermietet.<\/li>\n<li>Der Check-in in der Wohnung beginnt um 15:00 Uhr und endet um 11:00 Uhr am letzten Tag Ihres Aufenthalts.<\/li>\n<li>Der Check-in ist ab 15:00 Uhr ohne zeitliche Begrenzung m\u00f6glich.<\/li>\n<li>Die vorzeitige Abreise des Gastes aus Gr\u00fcnden, die nicht von den Wohnungseigent\u00fcmern zu vertreten sind, berechtigt den Gast nicht zur R\u00fcckerstattung des Betrages f\u00fcr die nicht in Anspruch genommene Leistung.<\/li>\n<li>Wenn der Gast seinen Aufenthalt \u00fcber den bei der Ankunft angegebenen Zeitraum hinaus verl\u00e4ngern m\u00f6chte, muss er dies dem Personal der Wohnung im Voraus mitteilen. Diese werden so weit wie m\u00f6glich ber\u00fccksichtigt, insbesondere die Verf\u00fcgbarkeit der einzelnen Wohnungen.<\/li>\n<li>Die Ausgangssperre gilt von 22:00 bis 6:00 Uhr. Bei unangemessenem Verhalten, St\u00f6rung der Ordnung, Nichteinhaltung der Ruhezeiten und der allgemein anerkannten Regeln des guten Benehmens behalten wir uns das Recht vor, den Vertrag sofort zu k\u00fcndigen.<\/li>\n<li>In der Wohnung darf nur die angegebene Anzahl von Personen wohnen.<\/li>\n<li>Die Wohnung kann ausschlie\u00dflich zu Wohnzwecken genutzt werden.<\/li>\n<li>Falls ein Gast seinen Aufenthalt w\u00e4hrend eines Hoteltages storniert, erstattet der Dienstleister die Geb\u00fchr f\u00fcr die nicht genutzten N\u00e4chte nicht.<\/li>\n<\/ol>\n\t\t\t\t\t\t<\/div>\n\t\t\t\t<\/div>\n\t\t\t\t<div class=\"elementor-element elementor-element-6893a33 elementor-widget elementor-widget-heading\" data-id=\"6893a33\" data-element_type=\"widget\" data-widget_type=\"heading.default\">\n\t\t\t\t<div class=\"elementor-widget-container\">\n\t\t\t<h3 class=\"elementor-heading-title elementor-size-default\">\u00c4NDERUNG UND STORNIERUNG VON RESERVIERUNGEN<\/h3>\t\t<\/div>\n\t\t\t\t<\/div>\n\t\t\t\t<div class=\"elementor-element elementor-element-dc7f3a7 elementor-widget elementor-widget-text-editor\" data-id=\"dc7f3a7\" data-element_type=\"widget\" data-widget_type=\"text-editor.default\">\n\t\t\t\t<div class=\"elementor-widget-container\">\n\t\t\t\t\t\t\t<ol>\n<li>Der Kunde kann die Reservierung bis zu 14 Tage vor der geplanten Ankunft kostenlos \u00e4ndern. Wenden Sie sich dazu bitte an die Unterkunft unter der Telefonnummer 791-229-248 oder per E-Mail an <a href=\"mailto:kontakt@ottimo-apartamenty.pl\">kontakt@ottimo-apartamenty.pl.<\/a> <\/li>\n<li>Die M\u00f6glichkeit einer \u00c4nderung bezieht sich auf das Datum, den Ort und die Wohnung. Eine \u00c4nderung kann eine \u00c4nderung des Mietpreises nach sich ziehen. <\/li>\n<li>Im Falle einer Nichtstornierung der Reservierung oder einer Nichtanreise des Gastes zum geplanten Termin in den Ottimo Apartments wird die Geb\u00fchr f\u00fcr den Aufenthalt nicht zur\u00fcckerstattet.<\/li>\n<\/ol>\n\t\t\t\t\t\t<\/div>\n\t\t\t\t<\/div>\n\t\t\t\t<div class=\"elementor-element elementor-element-723f071 elementor-widget elementor-widget-heading\" data-id=\"723f071\" data-element_type=\"widget\" data-widget_type=\"heading.default\">\n\t\t\t\t<div class=\"elementor-widget-container\">\n\t\t\t<h3 class=\"elementor-heading-title elementor-size-default\">DIENSTLEISTUNGEN<\/h3>\t\t<\/div>\n\t\t\t\t<\/div>\n\t\t\t\t<div class=\"elementor-element elementor-element-16051e5 elementor-widget elementor-widget-text-editor\" data-id=\"16051e5\" data-element_type=\"widget\" data-widget_type=\"text-editor.default\">\n\t\t\t\t<div class=\"elementor-widget-container\">\n\t\t\t\t\t\t\t<ol>\n<li>Die Ottimo Apartments bieten ihren G\u00e4sten einen kostenfreien Service:\n<ol>\n<li>Wi-Fi,<\/li>\n<li>Zugang zu Netflix,<\/li>\n<li>Ein technisch effizienter Service &#8211; im Falle einer St\u00f6rung, die nicht behoben werden kann, wird sich der Serviceanbieter bem\u00fchen, die Zimmer zu tauschen oder die Unannehmlichkeiten auf andere Weise so gut wie m\u00f6glich zu lindern.<\/li>\n<\/ol>\n<\/li>\n<\/ol>\n\t\t\t\t\t\t<\/div>\n\t\t\t\t<\/div>\n\t\t\t\t<div class=\"elementor-element elementor-element-c74b1d1 elementor-widget elementor-widget-heading\" data-id=\"c74b1d1\" data-element_type=\"widget\" data-widget_type=\"heading.default\">\n\t\t\t\t<div class=\"elementor-widget-container\">\n\t\t\t<h3 class=\"elementor-heading-title elementor-size-default\">VERANTWORTUNG DER G\u00c4STE<\/h3>\t\t<\/div>\n\t\t\t\t<\/div>\n\t\t\t\t<div class=\"elementor-element elementor-element-5ddf2f0 elementor-widget elementor-widget-text-editor\" data-id=\"5ddf2f0\" data-element_type=\"widget\" data-widget_type=\"text-editor.default\">\n\t\t\t\t<div class=\"elementor-widget-container\">\n\t\t\t\t\t\t\t<ol>\n<li>Partys, Feiern, Junggesellenabschiede usw. sind in den Einrichtungen der Ottimo Apartments streng verboten.<\/li>\n<li>Rauchen und andere &#8222;Genussmittel&#8220; (auch am Fenster oder auf dem Balkon) sind in der gesamten Wohnung strengstens verboten. Respektieren Sie dies &#8211; andere G\u00e4ste\/Kinder wollen keinen Zigarettengeruch in der Wohnung.<\/li>\n<li>Ein Versto\u00df gegen das Verbot f\u00fchrt zum Ausschluss aus der Wohnung und zu einem Ordnungsgeld. Achtung! Strafe f\u00fcr die Organisation einer Veranstaltung 1.000 \u00a3<\/li>\n<li>Die G\u00e4ste der Suite sind f\u00fcr alle Sch\u00e4den verantwortlich, die in den Zimmern entstehen. Als Schaden gilt sowohl die Zerst\u00f6rung\/Besch\u00e4digung von Einrichtungsgegenst\u00e4nden als auch deren Verlust. Wird das Zimmer durch das Verschulden des Gastes oder seiner Besucher besch\u00e4digt, so ist der Gast verpflichtet, die Kosten f\u00fcr die Reparatur zu tragen. F\u00fcr Sch\u00e4den, die von Kindern verursacht werden, sind die Eltern verantwortlich.<\/li>\n<li>Die G\u00e4ste sind verpflichtet, etwaige M\u00e4ngel oder Defekte in der Wohnung am Tag des Check-in zu melden.<\/li>\n<li>Werden am Tag des Check-in keine Anmerkungen oder Einw\u00e4nde (schriftlich: SMS, E-Mail usw.) zum technischen Zustand der Wohnung gemacht, bedeutet dies, dass die Wohnung sowie die darin befindliche Ausstattung in einem Zustand zur Nutzung \u00fcbergeben wurde, der keine Anmerkungen oder Einw\u00e4nde seitens des Gastes zul\u00e4sst.<\/li>\n<li>Jedes Mal, wenn ein Gast die Wohnung verl\u00e4sst, sollte er aus Sicherheitsgr\u00fcnden den Fernseher ausschalten, das Licht ausschalten, den Wasserhahn zudrehen und die T\u00fcr schlie\u00dfen.<\/li>\n<\/ol>\n\t\t\t\t\t\t<\/div>\n\t\t\t\t<\/div>\n\t\t\t\t<div class=\"elementor-element elementor-element-edd54fa elementor-widget elementor-widget-heading\" data-id=\"edd54fa\" data-element_type=\"widget\" data-widget_type=\"heading.default\">\n\t\t\t\t<div class=\"elementor-widget-container\">\n\t\t\t<h3 class=\"elementor-heading-title elementor-size-default\">BESCHWERDEN<\/h3>\t\t<\/div>\n\t\t\t\t<\/div>\n\t\t\t\t<div class=\"elementor-element elementor-element-824759b elementor-widget elementor-widget-text-editor\" data-id=\"824759b\" data-element_type=\"widget\" data-widget_type=\"text-editor.default\">\n\t\t\t\t<div class=\"elementor-widget-container\">\n\t\t\t\t\t\t\t<ol>\n<li>G\u00e4ste haben das Recht, sich \u00fcber die auf der Website <a href=\"http:\/\/ottimo-apartamenty.pl\">http:\/\/ottimo-apartamenty.pl angegebenen Kontaktdaten zu beschweren, wenn sie M\u00e4ngel in der Qualit\u00e4t der angebotenen Dienstleistungen feststellen .<\/a><\/li>\n<li>Um ber\u00fccksichtigt zu werden, muss eine Beschwerde schriftlich an die Adresse des eingetragenen Firmensitzes des Unternehmens unter <a href=\"http:\/\/ottimo-apartamenty.pl\">http:\/\/ottimo-apartamenty.pl<\/a> oder elektronisch an <a href=\"mailto:kontakt@ottimo-apartamenty.pl\">kontakt@ottimo-apartamenty.pl eingereicht werden .<\/a> Die Beschwerde sollte folgende Informationen enthalten: Reservierungsnummer, Beschreibung der Situation, die Gegenstand der Beschwerde ist. <\/li>\n<li>Die Beschwerde wird innerhalb von maximal 30 Tagen nach Eingang gepr\u00fcft. Informationen \u00fcber das Ergebnis der Beschwerde werden dem Kunden an die E-Mail-Adresse, die Postanschrift oder per Telefon zugesandt. <\/li>\n<li>Wenn der Beschwerde stattgegeben wird, erh\u00e4lt der Kunde eine Entsch\u00e4digung in H\u00f6he des entstandenen Schadens.<\/li>\n<\/ol>\n\t\t\t\t\t\t<\/div>\n\t\t\t\t<\/div>\n\t\t\t\t<div class=\"elementor-element elementor-element-0670782 elementor-widget elementor-widget-heading\" data-id=\"0670782\" data-element_type=\"widget\" data-widget_type=\"heading.default\">\n\t\t\t\t<div class=\"elementor-widget-container\">\n\t\t\t<h3 class=\"elementor-heading-title elementor-size-default\">ZUS\u00c4TZLICHE BESTIMMUNGEN<\/h3>\t\t<\/div>\n\t\t\t\t<\/div>\n\t\t\t\t<div class=\"elementor-element elementor-element-6c8e68a elementor-widget elementor-widget-text-editor\" data-id=\"6c8e68a\" data-element_type=\"widget\" data-widget_type=\"text-editor.default\">\n\t\t\t\t<div class=\"elementor-widget-container\">\n\t\t\t\t\t\t\t<ol>\n<li>Haustiere sind in den &#8222;Ottimo Apartments&#8220; nicht erlaubt.<\/li>\n<li>Die G\u00e4ste d\u00fcrfen Schl\u00fcssel, Karten und Codes f\u00fcr die Wohnung nicht an Dritte weitergeben, auch wenn der Zeitraum, f\u00fcr den sie die f\u00e4llige Geb\u00fchr bezahlt haben, noch nicht abgelaufen ist.<\/li>\n<li>Ottimo Apartments haftet nicht f\u00fcr Renovierungs- und Ausbauarbeiten im und um das Geb\u00e4ude sowie f\u00fcr eventuelle Immissionen, insbesondere f\u00fcr L\u00e4rm von Nachbargrundst\u00fccken.<\/li>\n<li>Das Haus haftet nicht f\u00fcr Wertgegenst\u00e4nde, Geld und Dokumente, die in der Wohnung zur\u00fcckgelassen werden, oder f\u00fcr Sch\u00e4den am Auto auf dem Parkplatz.<\/li>\n<li>Die M\u00fclleimer in den Wohnungen befinden sich an folgenden Orten:<br \/>Apartments in der Dolina Stra\u00dfe 39, es gibt einen separaten Raum im Hauptgeb\u00e4ude mit M\u00fclleimern.<br \/>Apartments in der St. Floriana Stra\u00dfe 3, Sie m\u00fcssen eine Etage unter dem Ausgang aus dem Geb\u00e4ude gehen, Sie m\u00fcssen den Wohnungsschl\u00fcssel mitnehmen.<br \/>Apartments in der Jagiello\u0144ska Stra\u00dfe 12, Sie m\u00fcssen hinter die Schranke gehen und in den Hof nach links gehen. <\/li>\n<li style=\"list-style-type: none;\"> <\/li>\n<\/ol>\n\t\t\t\t\t\t<\/div>\n\t\t\t\t<\/div>\n\t\t\t\t\t<\/div>\n\t\t<\/div>\n\t\t\t\t\t\t\t<\/div>\n\t\t<\/section>\n\t\t\t\t\t\t\t<\/div>\n\t\t","protected":false},"excerpt":{"rendered":"<p>Verordnungen Startseite &gt; Verordnungen ANLAGENVERORDNUNG Diese Regeln und Vorschriften sollen einen friedlichen und sicheren Aufenthalt f\u00fcr alle unsere G\u00e4ste gew\u00e4hrleisten. GEGENSTAND DER VORSCHRIFTEN Die Hausordnung legt die Regeln f\u00fcr die Erbringung von Dienstleistungen, die Haftung und den Aufenthalt in den R\u00e4umlichkeiten der Apartments fest und ist integraler Bestandteil des Vertrags, der durch die Buchung oder [&hellip;]<\/p>\n","protected":false},"author":1,"featured_media":0,"parent":0,"menu_order":0,"comment_status":"closed","ping_status":"closed","template":"","meta":{"footnotes":""},"class_list":["post-3059","page","type-page","status-publish","hentry"],"acf":[],"_links":{"self":[{"href":"https:\/\/ottimo-apartamenty.pl\/de\/wp-json\/wp\/v2\/pages\/3059","targetHints":{"allow":["GET"]}}],"collection":[{"href":"https:\/\/ottimo-apartamenty.pl\/de\/wp-json\/wp\/v2\/pages"}],"about":[{"href":"https:\/\/ottimo-apartamenty.pl\/de\/wp-json\/wp\/v2\/types\/page"}],"author":[{"embeddable":true,"href":"https:\/\/ottimo-apartamenty.pl\/de\/wp-json\/wp\/v2\/users\/1"}],"replies":[{"embeddable":true,"href":"https:\/\/ottimo-apartamenty.pl\/de\/wp-json\/wp\/v2\/comments?post=3059"}],"version-history":[{"count":3,"href":"https:\/\/ottimo-apartamenty.pl\/de\/wp-json\/wp\/v2\/pages\/3059\/revisions"}],"predecessor-version":[{"id":4794,"href":"https:\/\/ottimo-apartamenty.pl\/de\/wp-json\/wp\/v2\/pages\/3059\/revisions\/4794"}],"wp:attachment":[{"href":"https:\/\/ottimo-apartamenty.pl\/de\/wp-json\/wp\/v2\/media?parent=3059"}],"curies":[{"name":"wp","href":"https:\/\/api.w.org\/{rel}","templated":true}]}}