{"id":3036,"date":"2023-03-15T13:45:31","date_gmt":"2023-03-15T12:45:31","guid":{"rendered":"http:\/\/ottimo-apartamenty.pl\/wohnungen-floriana\/"},"modified":"2023-03-22T13:01:31","modified_gmt":"2023-03-22T12:01:31","slug":"wohnungen-floriana","status":"publish","type":"page","link":"https:\/\/ottimo-apartamenty.pl\/de\/wohnungen-floriana\/","title":{"rendered":"Wohnungen Floriana"},"content":{"rendered":"\t\t<div data-elementor-type=\"wp-page\" data-elementor-id=\"3036\" class=\"elementor elementor-3036 elementor-434\">\n\t\t\t\t\t\t\t\t\t<section class=\"elementor-section elementor-top-section elementor-element elementor-element-12b35efb elementor-section-height-min-height elementor-section-boxed elementor-section-height-default elementor-section-items-middle\" data-id=\"12b35efb\" data-element_type=\"section\" id=\"naglowek\" data-settings=\"{&quot;background_background&quot;:&quot;classic&quot;}\">\n\t\t\t\t\t\t<div class=\"elementor-container elementor-column-gap-default\">\n\t\t\t\t\t<div class=\"elementor-column elementor-col-100 elementor-top-column elementor-element elementor-element-167fa9be\" data-id=\"167fa9be\" data-element_type=\"column\">\n\t\t\t<div class=\"elementor-widget-wrap elementor-element-populated\">\n\t\t\t\t\t\t\t\t<div class=\"elementor-element elementor-element-76afeacd tytul animated-slow elementor-invisible elementor-widget elementor-widget-heading\" data-id=\"76afeacd\" data-element_type=\"widget\" data-settings=\"{&quot;_animation&quot;:&quot;fadeInUp&quot;}\" data-widget_type=\"heading.default\">\n\t\t\t\t<div class=\"elementor-widget-container\">\n\t\t\t<style>\/*! elementor - v3.12.1 - 02-04-2023 *\/\n.elementor-heading-title{padding:0;margin:0;line-height:1}.elementor-widget-heading .elementor-heading-title[class*=elementor-size-]>a{color:inherit;font-size:inherit;line-height:inherit}.elementor-widget-heading .elementor-heading-title.elementor-size-small{font-size:15px}.elementor-widget-heading .elementor-heading-title.elementor-size-medium{font-size:19px}.elementor-widget-heading .elementor-heading-title.elementor-size-large{font-size:29px}.elementor-widget-heading .elementor-heading-title.elementor-size-xl{font-size:39px}.elementor-widget-heading .elementor-heading-title.elementor-size-xxl{font-size:59px}<\/style><h1 class=\"elementor-heading-title elementor-size-default\">Wohnungen Floriana<\/h1>\t\t<\/div>\n\t\t\t\t<\/div>\n\t\t\t\t<div class=\"elementor-element elementor-element-1533af2 tytul animated-slow elementor-invisible elementor-widget elementor-widget-heading\" data-id=\"1533af2\" data-element_type=\"widget\" data-settings=\"{&quot;_animation&quot;:&quot;fadeInUp&quot;,&quot;_animation_delay&quot;:100}\" data-widget_type=\"heading.default\">\n\t\t\t\t<div class=\"elementor-widget-container\">\n\t\t\t<h2 class=\"elementor-heading-title elementor-size-default\">ul. St. Florian 3<\/h2>\t\t<\/div>\n\t\t\t\t<\/div>\n\t\t\t\t\t<\/div>\n\t\t<\/div>\n\t\t\t\t\t\t\t<\/div>\n\t\t<\/section>\n\t\t\t\t<section class=\"elementor-section elementor-top-section elementor-element elementor-element-8efb027 breadcrumbs elementor-section-boxed elementor-section-height-default elementor-section-height-default\" data-id=\"8efb027\" data-element_type=\"section\" data-settings=\"{&quot;background_background&quot;:&quot;classic&quot;}\">\n\t\t\t\t\t\t<div class=\"elementor-container elementor-column-gap-default\">\n\t\t\t\t\t<div class=\"elementor-column elementor-col-100 elementor-top-column elementor-element elementor-element-d5016f9\" data-id=\"d5016f9\" data-element_type=\"column\">\n\t\t\t<div class=\"elementor-widget-wrap elementor-element-populated\">\n\t\t\t\t\t\t\t\t<div class=\"elementor-element elementor-element-d12bb53 animated-slow elementor-invisible elementor-widget elementor-widget-heading\" data-id=\"d12bb53\" data-element_type=\"widget\" data-settings=\"{&quot;_animation&quot;:&quot;fadeInUp&quot;}\" data-widget_type=\"heading.default\">\n\t\t\t\t<div class=\"elementor-widget-container\">\n\t\t\t<p class=\"elementor-heading-title elementor-size-default\"><a href=\"http:\/\/ottimo-apartamenty.pl\/de\/\">Startseite<\/a> <span>&gt;<\/span> <a href=\"http:\/\/ottimo-apartamenty.pl\/apartamenty\/\">Wohnungen<\/a> <span>&gt;<\/span> Floriana Wohnungen<\/p>\t\t<\/div>\n\t\t\t\t<\/div>\n\t\t\t\t\t<\/div>\n\t\t<\/div>\n\t\t\t\t\t\t\t<\/div>\n\t\t<\/section>\n\t\t\t\t<section class=\"elementor-section elementor-top-section elementor-element elementor-element-4d1ac512 elementor-section-boxed elementor-section-height-default elementor-section-height-default\" data-id=\"4d1ac512\" data-element_type=\"section\" id=\"apartamenty\">\n\t\t\t\t\t\t<div class=\"elementor-container elementor-column-gap-default\">\n\t\t\t\t\t<div class=\"elementor-column elementor-col-100 elementor-top-column elementor-element elementor-element-d10fe78\" data-id=\"d10fe78\" data-element_type=\"column\">\n\t\t\t<div class=\"elementor-widget-wrap elementor-element-populated\">\n\t\t\t\t\t\t\t\t<div class=\"elementor-element elementor-element-2d86b9b7 animated-slow elementor-invisible elementor-widget elementor-widget-heading\" data-id=\"2d86b9b7\" data-element_type=\"widget\" data-settings=\"{&quot;_animation&quot;:&quot;fadeInUp&quot;,&quot;_animation_delay&quot;:0}\" data-widget_type=\"heading.default\">\n\t\t\t\t<div class=\"elementor-widget-container\">\n\t\t\t<h3 class=\"elementor-heading-title elementor-size-default\"><span>Sich<\/span> wie zu Hause <span>f\u00fchlen<\/span> <\/h3>\t\t<\/div>\n\t\t\t\t<\/div>\n\t\t\t\t<div class=\"elementor-element elementor-element-1566cb57 animated-slow elementor-invisible elementor-widget elementor-widget-text-editor\" data-id=\"1566cb57\" data-element_type=\"widget\" data-settings=\"{&quot;_animation&quot;:&quot;fadeInUp&quot;,&quot;_animation_delay&quot;:200}\" data-widget_type=\"text-editor.default\">\n\t\t\t\t<div class=\"elementor-widget-container\">\n\t\t\t<style>\/*! elementor - v3.12.1 - 02-04-2023 *\/\n.elementor-widget-text-editor.elementor-drop-cap-view-stacked .elementor-drop-cap{background-color:#69727d;color:#fff}.elementor-widget-text-editor.elementor-drop-cap-view-framed .elementor-drop-cap{color:#69727d;border:3px solid;background-color:transparent}.elementor-widget-text-editor:not(.elementor-drop-cap-view-default) .elementor-drop-cap{margin-top:8px}.elementor-widget-text-editor:not(.elementor-drop-cap-view-default) .elementor-drop-cap-letter{width:1em;height:1em}.elementor-widget-text-editor .elementor-drop-cap{float:left;text-align:center;line-height:1;font-size:50px}.elementor-widget-text-editor .elementor-drop-cap-letter{display:inline-block}<\/style>\t\t\t\t<p>Das Ottimo Apartament Floriana befindet sich in einem renovierten Geb\u00e4ude im 3. Stock im Stadtzentrum. Kostenloses Wifi ist in allen Zimmern verf\u00fcgbar. Die G\u00e4ste verf\u00fcgen \u00fcber eine Suite mit Flachbildfernseher und einem eigenen Schlafzimmer. Zur Standardausstattung geh\u00f6ren auch eine voll ausgestattete K\u00fcchenzeile und ein modernes Bad mit Dusche und Waschmaschine. Die Wohnung hat zwei Zimmer und ist komplett ausgestattet, f\u00fcr bis zu 4 Personen. Das Wohnzimmer ist mit einer Doppelschlafcouch ausgestattet, w\u00e4hrend das Schlafzimmer ein gro\u00dfes Doppelbett hat. Frische Handt\u00fccher und Bettw\u00e4sche, Kaffee und Tee, Shampoo und Geschirrsp\u00fclmittel finden Sie vor Ort. Alles speziell f\u00fcr Sie zubereitet.<\/p>\n\t\t\t\t\t\t<\/div>\n\t\t\t\t<\/div>\n\t\t\t\t<div class=\"elementor-element elementor-element-634dca8 animated-slow elementor-align-center elementor-invisible elementor-widget elementor-widget-button\" data-id=\"634dca8\" data-element_type=\"widget\" id=\"nasze-apartamenty\" data-settings=\"{&quot;_animation&quot;:&quot;fadeInUp&quot;,&quot;_animation_delay&quot;:300}\" data-widget_type=\"button.default\">\n\t\t\t\t<div class=\"elementor-widget-container\">\n\t\t\t\t\t<div class=\"elementor-button-wrapper\">\n\t\t\t<a href=\"#Unsere-Wohnungen\" class=\"elementor-button-link elementor-button elementor-size-sm elementor-animation-float\" role=\"button\">\n\t\t\t\t\t\t<span class=\"elementor-button-content-wrapper\">\n\t\t\t\t\t\t<span class=\"elementor-button-text\">Unsere Wohnungen ansehen<\/span>\n\t\t<\/span>\n\t\t\t\t\t<\/a>\n\t\t<\/div>\n\t\t\t\t<\/div>\n\t\t\t\t<\/div>\n\t\t\t\t\t<\/div>\n\t\t<\/div>\n\t\t\t\t\t\t\t<\/div>\n\t\t<\/section>\n\t\t\t\t<section class=\"elementor-section elementor-top-section elementor-element elementor-element-f4a9d86 elementor-section-boxed elementor-section-height-default elementor-section-height-default\" data-id=\"f4a9d86\" data-element_type=\"section\">\n\t\t\t\t\t\t<div class=\"elementor-container elementor-column-gap-default\">\n\t\t\t\t\t<div class=\"elementor-column elementor-col-100 elementor-top-column elementor-element elementor-element-01c7bc3\" data-id=\"01c7bc3\" data-element_type=\"column\">\n\t\t\t<div class=\"elementor-widget-wrap elementor-element-populated\">\n\t\t\t\t\t\t\t\t\t<\/div>\n\t\t<\/div>\n\t\t\t\t\t\t\t<\/div>\n\t\t<\/section>\n\t\t\t\t<section class=\"elementor-section elementor-top-section elementor-element elementor-element-839e4c3 elementor-section-boxed elementor-section-height-default elementor-section-height-default\" data-id=\"839e4c3\" data-element_type=\"section\" data-settings=\"{&quot;background_background&quot;:&quot;classic&quot;}\">\n\t\t\t\t\t\t<div class=\"elementor-container elementor-column-gap-default\">\n\t\t\t\t\t<div class=\"elementor-column elementor-col-100 elementor-top-column elementor-element elementor-element-04d9778 animated-slow elementor-invisible\" data-id=\"04d9778\" data-element_type=\"column\" data-settings=\"{&quot;animation&quot;:&quot;fadeInUp&quot;}\">\n\t\t\t<div class=\"elementor-widget-wrap elementor-element-populated\">\n\t\t\t\t\t\t\t\t<div class=\"elementor-element elementor-element-b85b20b elementor-widget elementor-widget-image\" data-id=\"b85b20b\" data-element_type=\"widget\" data-widget_type=\"image.default\">\n\t\t\t\t<div class=\"elementor-widget-container\">\n\t\t\t<style>\/*! elementor - v3.12.1 - 02-04-2023 *\/\n.elementor-widget-image{text-align:center}.elementor-widget-image a{display:inline-block}.elementor-widget-image a img[src$=\".svg\"]{width:48px}.elementor-widget-image img{vertical-align:middle;display:inline-block}<\/style>\t\t\t\t\t\t\t\t\t\t\t\t<img loading=\"lazy\" decoding=\"async\" width=\"43\" height=\"35\" src=\"https:\/\/ottimo-apartamenty.pl\/wp-content\/uploads\/2023\/03\/quote.png\" class=\"attachment-large size-large wp-image-486\" alt=\"\" \/>\t\t\t\t\t\t\t\t\t\t\t\t\t\t\t<\/div>\n\t\t\t\t<\/div>\n\t\t\t\t<div class=\"elementor-element elementor-element-ef39c87 elementor-testimonial--skin-default elementor-testimonial--layout-image_inline elementor-testimonial--align-center elementor-arrows-yes elementor-widget elementor-widget-testimonial-carousel\" data-id=\"ef39c87\" data-element_type=\"widget\" data-settings=\"{&quot;slides_per_view&quot;:&quot;1&quot;,&quot;slides_to_scroll&quot;:&quot;1&quot;,&quot;speed&quot;:1000,&quot;autoplay_speed&quot;:6000,&quot;show_arrows&quot;:&quot;yes&quot;,&quot;autoplay&quot;:&quot;yes&quot;,&quot;loop&quot;:&quot;yes&quot;,&quot;pause_on_hover&quot;:&quot;yes&quot;,&quot;pause_on_interaction&quot;:&quot;yes&quot;,&quot;space_between&quot;:{&quot;unit&quot;:&quot;px&quot;,&quot;size&quot;:10,&quot;sizes&quot;:[]},&quot;space_between_tablet&quot;:{&quot;unit&quot;:&quot;px&quot;,&quot;size&quot;:10,&quot;sizes&quot;:[]},&quot;space_between_mobile&quot;:{&quot;unit&quot;:&quot;px&quot;,&quot;size&quot;:10,&quot;sizes&quot;:[]}}\" data-widget_type=\"testimonial-carousel.default\">\n\t\t\t\t<div class=\"elementor-widget-container\">\n\t\t\t<link rel=\"stylesheet\" href=\"https:\/\/ottimo-apartamenty.pl\/wp-content\/plugins\/elementor-pro\/assets\/css\/widget-carousel.min.css\">\t\t<div class=\"elementor-swiper\">\n\t\t\t<div class=\"elementor-main-swiper swiper\">\n\t\t\t\t<div class=\"swiper-wrapper\">\n\t\t\t\t\t\t\t\t\t\t\t<div class=\"swiper-slide\">\n\t\t\t\t\t\t\t\t\t<div class=\"elementor-testimonial\">\n\t\t\t\t\t\t\t<div class=\"elementor-testimonial__content\">\n\t\t\t\t\t<div class=\"elementor-testimonial__text\">\n\t\t\t\t\t\t<p>\"Wir haben buchst\u00e4blich alles genossen! Und eine nette \u00dcberraschung war die Schublade mit verschiedenen Artikeln (Zahnpasta, Duschgel, T\u00fccher usw.) im Badezimmer, so dass man nicht mehr zum Laden fliegen muss, wenn man etwas vergessen hat.\"<\/p>\n\t\t\t\t\t<\/div>\n\t\t\t\t\t\t\t\t\t<\/div>\n\t\t\t\t\t\t<div class=\"elementor-testimonial__footer\">\n\t\t\t\t\t\t\t\t<cite class=\"elementor-testimonial__cite\"><span class=\"elementor-testimonial__name\">Karl<\/span><span class=\"elementor-testimonial__title\">booking.com<\/span><\/cite>\t\t\t<\/div>\n\t\t<\/div>\n\t\t\t\t\t\t\t\t<\/div>\n\t\t\t\t\t\t\t\t\t\t\t<div class=\"swiper-slide\">\n\t\t\t\t\t\t\t\t\t<div class=\"elementor-testimonial\">\n\t\t\t\t\t\t\t<div class=\"elementor-testimonial__content\">\n\t\t\t\t\t<div class=\"elementor-testimonial__text\">\n\t\t\t\t\t\t<p>\"Saubere, sehr gut ausgestattete Wohnung, gute Lage. Sehr guter Kontakt mit dem Eigent\u00fcmer. Sehr zu empfehlen \ud83d\ude0a\"<\/p>\n\t\t\t\t\t<\/div>\n\t\t\t\t\t\t\t\t\t<\/div>\n\t\t\t\t\t\t<div class=\"elementor-testimonial__footer\">\n\t\t\t\t\t\t\t\t<cite class=\"elementor-testimonial__cite\"><span class=\"elementor-testimonial__name\">P2106<\/span><span class=\"elementor-testimonial__title\">booking.com<\/span><\/cite>\t\t\t<\/div>\n\t\t<\/div>\n\t\t\t\t\t\t\t\t<\/div>\n\t\t\t\t\t\t\t\t\t\t\t<div class=\"swiper-slide\">\n\t\t\t\t\t\t\t\t\t<div class=\"elementor-testimonial\">\n\t\t\t\t\t\t\t<div class=\"elementor-testimonial__content\">\n\t\t\t\t\t<div class=\"elementor-testimonial__text\">\n\t\t\t\t\t\t<p>\"Sauber, komfortabel, ruhig. Sehr guter und netter Kontakt mit dem Hausmeister\/Eigent\u00fcmer der Wohnung. Ein Ort in Bydgoszcz, zu dem es sich lohnt zur\u00fcckzukehren.\"<\/p>\n\t\t\t\t\t<\/div>\n\t\t\t\t\t\t\t\t\t<\/div>\n\t\t\t\t\t\t<div class=\"elementor-testimonial__footer\">\n\t\t\t\t\t\t\t\t<cite class=\"elementor-testimonial__cite\"><span class=\"elementor-testimonial__name\">Anna<\/span><span class=\"elementor-testimonial__title\">booking.com<\/span><\/cite>\t\t\t<\/div>\n\t\t<\/div>\n\t\t\t\t\t\t\t\t<\/div>\n\t\t\t\t\t\t\t\t\t\t\t<div class=\"swiper-slide\">\n\t\t\t\t\t\t\t\t\t<div class=\"elementor-testimonial\">\n\t\t\t\t\t\t\t<div class=\"elementor-testimonial__content\">\n\t\t\t\t\t<div class=\"elementor-testimonial__text\">\n\t\t\t\t\t\t<p>\"Sehr saubere Wohnung. Fotos im Einklang mit der Realit\u00e4t.<br \/>\nDie Lage ist sehr gut. Kontakt mit dem Wohnungseigent\u00fcmer sehr gut.\"<\/p>\n\t\t\t\t\t<\/div>\n\t\t\t\t\t\t\t\t\t<\/div>\n\t\t\t\t\t\t<div class=\"elementor-testimonial__footer\">\n\t\t\t\t\t\t\t\t<cite class=\"elementor-testimonial__cite\"><span class=\"elementor-testimonial__name\">Marcin<\/span><span class=\"elementor-testimonial__title\">booking.com<\/span><\/cite>\t\t\t<\/div>\n\t\t<\/div>\n\t\t\t\t\t\t\t\t<\/div>\n\t\t\t\t\t\t\t\t\t<\/div>\n\t\t\t\t\t\t\t\t\t\t\t\t\t\t\t\t\t\t\t\t<div class=\"elementor-swiper-button elementor-swiper-button-prev\">\n\t\t\t\t\t\t\t<i aria-hidden=\"true\" class=\"eicon-chevron-left\"><\/i>\t\t\t\t\t\t\t<span class=\"elementor-screen-only\">Voriger<\/span>\n\t\t\t\t\t\t<\/div>\n\t\t\t\t\t\t<div class=\"elementor-swiper-button elementor-swiper-button-next\">\n\t\t\t\t\t\t\t<i aria-hidden=\"true\" class=\"eicon-chevron-right\"><\/i>\t\t\t\t\t\t\t<span class=\"elementor-screen-only\">N\u00e4chster<\/span>\n\t\t\t\t\t\t<\/div>\n\t\t\t\t\t\t\t\t\t\t\t\t<\/div>\n\t\t<\/div>\n\t\t\t\t<\/div>\n\t\t\t\t<\/div>\n\t\t\t\t\t<\/div>\n\t\t<\/div>\n\t\t\t\t\t\t\t<\/div>\n\t\t<\/section>\n\t\t\t\t<section class=\"elementor-section elementor-top-section elementor-element elementor-element-bdb4cab elementor-section-boxed elementor-section-height-default elementor-section-height-default\" data-id=\"bdb4cab\" data-element_type=\"section\">\n\t\t\t\t\t\t<div class=\"elementor-container elementor-column-gap-default\">\n\t\t\t\t\t<div class=\"elementor-column elementor-col-100 elementor-top-column elementor-element elementor-element-06fc2ea\" data-id=\"06fc2ea\" data-element_type=\"column\">\n\t\t\t<div class=\"elementor-widget-wrap elementor-element-populated\">\n\t\t\t\t\t\t\t\t<div class=\"elementor-element elementor-element-4459d3f animated-slow elementor-invisible elementor-widget elementor-widget-heading\" data-id=\"4459d3f\" data-element_type=\"widget\" data-settings=\"{&quot;_animation&quot;:&quot;fadeInUp&quot;,&quot;_animation_delay&quot;:0}\" data-widget_type=\"heading.default\">\n\t\t\t\t<div class=\"elementor-widget-container\">\n\t\t\t<h3 class=\"elementor-heading-title elementor-size-default\"><span>Einzigartige<\/span> Lage<\/h3>\t\t<\/div>\n\t\t\t\t<\/div>\n\t\t\t\t<div class=\"elementor-element elementor-element-1b4f22b animated-slow elementor-invisible elementor-widget elementor-widget-text-editor\" data-id=\"1b4f22b\" data-element_type=\"widget\" data-settings=\"{&quot;_animation&quot;:&quot;fadeInUp&quot;,&quot;_animation_delay&quot;:200}\" data-widget_type=\"text-editor.default\">\n\t\t\t\t<div class=\"elementor-widget-container\">\n\t\t\t\t\t\t\t<p>Die Wohnungen befinden sich im Herzen von Bydgoszcz. Die M\u00fchleninsel, der Alte Markt, das Neue Opernhaus, das Polnische Theater und die Philharmonie sind allesamt Orte, die sich in &#8222;Reichweite&#8220; befinden. Einkaufszentren (Focus, Zielone Arkady) befinden sich in unmittelbarer N\u00e4he. Der Parkplatz befindet sich direkt neben dem Stadthaus. Ein gro\u00dfer geb\u00fchrenpflichtiger Parkplatz gegen\u00fcber dem Stadthaus und \u00f6ffentliche Parkpl\u00e4tze mit Parkscheinautomaten entlang der Stra\u00dfe stehen ebenfalls zur Verf\u00fcgung. Die Wohnung liegt an einem der wichtigsten Verkehrsknotenpunkte der Stadt (Busse und Stra\u00dfenbahnen der meisten Linien sind verf\u00fcgbar), und auch der Busbahnhof ist nicht weit entfernt.<\/p>\n\t\t\t\t\t\t<\/div>\n\t\t\t\t<\/div>\n\t\t\t\t<section class=\"elementor-section elementor-inner-section elementor-element elementor-element-e2fc7ae elementor-section-boxed elementor-section-height-default elementor-section-height-default\" data-id=\"e2fc7ae\" data-element_type=\"section\">\n\t\t\t\t\t\t<div class=\"elementor-container elementor-column-gap-default\">\n\t\t\t\t\t<div class=\"elementor-column elementor-col-33 elementor-inner-column elementor-element elementor-element-f91949c\" data-id=\"f91949c\" data-element_type=\"column\">\n\t\t\t<div class=\"elementor-widget-wrap elementor-element-populated\">\n\t\t\t\t\t\t\t\t<div class=\"elementor-element elementor-element-fb6e877 odleglosci animated-slow elementor-invisible elementor-widget elementor-widget-text-editor\" data-id=\"fb6e877\" data-element_type=\"widget\" data-settings=\"{&quot;_animation&quot;:&quot;fadeInUp&quot;}\" data-widget_type=\"text-editor.default\">\n\t\t\t\t<div class=\"elementor-widget-container\">\n\t\t\t\t\t\t\t<table>\n<tbody>\n<tr>\n<td>150 m<\/td>\n<td>W\u0142adys\u0142aw Jagie\u0142\u0142o-Park<\/td>\n<\/tr>\n<tr>\n<td>350 m<\/td>\n<td>Der T. Ludowy Park. Wincenty Witos<\/td>\n<\/tr>\n<tr>\n<td>350 m<\/td>\n<td>Koscieleckich-Platz<\/td>\n<\/tr>\n<tr>\n<td>450 m<\/td>\n<td>Park im. Kasimir der Gro\u00dfe<\/td>\n<\/tr>\n<tr>\n<td>500 m<\/td>\n<td>Das Emanuel District Museum. Leon Wycz\u00f3\u0142kowski<\/td>\n<\/tr>\n<tr>\n<td>500 m<\/td>\n<td>Markthalle<\/td>\n<\/tr>\n<tr>\n<td>550 m<\/td>\n<td>Getreidespeicher<\/td>\n<\/tr>\n<tr>\n<td>550 m<\/td>\n<td>Der nach ihm benannte Platz. Ghetto-Helden<\/td>\n<\/tr>\n<tr>\n<td>550 m<\/td>\n<td>Skulptur &#8222;Die \u00dcberquerung des Flusses&#8220;<\/td>\n<\/tr>\n<\/tbody>\n<\/table>\t\t\t\t\t\t<\/div>\n\t\t\t\t<\/div>\n\t\t\t\t\t<\/div>\n\t\t<\/div>\n\t\t\t\t<div class=\"elementor-column elementor-col-33 elementor-inner-column elementor-element elementor-element-1f814c3\" data-id=\"1f814c3\" data-element_type=\"column\">\n\t\t\t<div class=\"elementor-widget-wrap elementor-element-populated\">\n\t\t\t\t\t\t\t\t<div class=\"elementor-element elementor-element-ae2fb67 odleglosci animated-slow elementor-invisible elementor-widget elementor-widget-text-editor\" data-id=\"ae2fb67\" data-element_type=\"widget\" data-settings=\"{&quot;_animation&quot;:&quot;fadeInUp&quot;}\" data-widget_type=\"text-editor.default\">\n\t\t\t\t<div class=\"elementor-widget-container\">\n\t\t\t\t\t\t\t<table>\n<tbody>\n<tr>\n<td>600 m<\/td>\n<td>Alter Markt<\/td>\n<\/tr>\n<tr>\n<td>650 m<\/td>\n<td>Denkmal des Kampfes und des Martyriums<\/td>\n<\/tr>\n<tr>\n<td>900 m<\/td>\n<td>Kochanowski-Park<\/td>\n<\/tr>\n<tr>\n<td>950 m<\/td>\n<td>ul. August Cieszkowski<\/td>\n<\/tr>\n<tr>\n<td>1 000 m<\/td>\n<td>Bydgoszcz Venedig<\/td>\n<\/tr>\n<tr>\n<td>1,3 km<\/td>\n<td>Druckturm<\/td>\n<\/tr>\n<tr>\n<td>1,4 km<\/td>\n<td>Museum f\u00fcr Fotografie<\/td>\n<\/tr>\n<tr>\n<td>1,4 km<\/td>\n<td>K\u00f6nigin-Jadwiga-Br\u00fccke<\/td>\n<\/tr>\n<tr>\n<td>2,3 km<\/td>\n<td>Pommersches Milit\u00e4rmuseum<\/td>\n<\/tr>\n<tr>\n<td>8 km<\/td>\n<td>Osowa G\u00f3ra Park<\/td>\n<\/tr>\n<tr>\n<td>17 km<\/td>\n<td>Bromberg-Kanal<\/td>\n<\/tr>\n<\/tbody>\n<\/table>\t\t\t\t\t\t<\/div>\n\t\t\t\t<\/div>\n\t\t\t\t\t<\/div>\n\t\t<\/div>\n\t\t\t\t<div class=\"elementor-column elementor-col-33 elementor-inner-column elementor-element elementor-element-d645ed0\" data-id=\"d645ed0\" data-element_type=\"column\">\n\t\t\t<div class=\"elementor-widget-wrap elementor-element-populated\">\n\t\t\t\t\t\t\t\t<div class=\"elementor-element elementor-element-85664b5 odleglosci animated-slow elementor-invisible elementor-widget elementor-widget-text-editor\" data-id=\"85664b5\" data-element_type=\"widget\" data-settings=\"{&quot;_animation&quot;:&quot;fadeInUp&quot;}\" data-widget_type=\"text-editor.default\">\n\t\t\t\t<div class=\"elementor-widget-container\">\n\t\t\t\t\t\t\t<table>\n<tbody>\n<tr>\n<td>1,9 km<\/td>\n<td>PKP Bydgoszcz G\u0142\u00f3wny<\/td>\n<\/tr>\n<tr>\n<td>3,4 km<\/td>\n<td>Marktplatz-Viadukt<\/td>\n<\/tr>\n<tr>\n<td>3,6 km<\/td>\n<td>Bydgoszcz-Szwederowo Flughafen<\/td>\n<\/tr>\n<tr>\n<td>100 m<\/td>\n<td>RongVang Cafe\/Bar<\/td>\n<\/tr>\n<tr>\n<td>100 m<\/td>\n<td>Das Restaurant Bay<\/td>\n<\/tr>\n<tr>\n<td>250 m<\/td>\n<td>Restaurant Bolero<\/td>\n<\/tr>\n<\/tbody>\n<\/table>\t\t\t\t\t\t<\/div>\n\t\t\t\t<\/div>\n\t\t\t\t\t<\/div>\n\t\t<\/div>\n\t\t\t\t\t\t\t<\/div>\n\t\t<\/section>\n\t\t\t\t\t<\/div>\n\t\t<\/div>\n\t\t\t\t\t\t\t<\/div>\n\t\t<\/section>\n\t\t\t\t<section class=\"elementor-section elementor-top-section elementor-element elementor-element-c10c33f elementor-section-full_width mapa elementor-section-height-default elementor-section-height-default\" data-id=\"c10c33f\" data-element_type=\"section\">\n\t\t\t\t\t\t<div class=\"elementor-container elementor-column-gap-default\">\n\t\t\t\t\t<div class=\"elementor-column elementor-col-100 elementor-top-column elementor-element elementor-element-403b99c\" data-id=\"403b99c\" data-element_type=\"column\">\n\t\t\t<div class=\"elementor-widget-wrap elementor-element-populated\">\n\t\t\t\t\t\t\t\t<div class=\"elementor-element elementor-element-439aa71 elementor-widget elementor-widget-html\" data-id=\"439aa71\" data-element_type=\"widget\" data-widget_type=\"html.default\">\n\t\t\t\t<div class=\"elementor-widget-container\">\n\t\t\t<iframe src=\"https:\/\/www.google.com\/maps\/embed?pb=!1m18!1m12!1m3!1d5694.63390833439!2d18.00541716440467!3d53.122784833519894!2m3!1f0!2f0!3f0!3m2!1i1024!2i768!4f13.1!3m3!1m2!1s0x470313bde44f7379%3A0xc0071bf97d39f83b!2s%C5%9Awi%C4%99tego%20Floriana%203%2C%2085-029%20Bydgoszcz!5e0!3m2!1spl!2spl!4v1678887033021!5m2!1spl!2spl\" width=\"100%\" height=\"500\" style=\"border:0;\" allowfullscreen=\"\" loading=\"lazy\" referrerpolicy=\"no-referrer-when-downgrade\"><\/iframe>\t\t<\/div>\n\t\t\t\t<\/div>\n\t\t\t\t\t<\/div>\n\t\t<\/div>\n\t\t\t\t\t\t\t<\/div>\n\t\t<\/section>\n\t\t\t\t\t\t\t<\/div>\n\t\t","protected":false},"excerpt":{"rendered":"<p>Wohnungen Floriana ul. St. Florian 3 Startseite &gt; Wohnungen &gt; Floriana Wohnungen Sich wie zu Hause f\u00fchlen Das Ottimo Apartament Floriana befindet sich in einem renovierten Geb\u00e4ude im 3. Stock im Stadtzentrum. Kostenloses Wifi ist in allen Zimmern verf\u00fcgbar. Die G\u00e4ste verf\u00fcgen \u00fcber eine Suite mit Flachbildfernseher und einem eigenen Schlafzimmer. Zur Standardausstattung geh\u00f6ren auch [&hellip;]<\/p>\n","protected":false},"author":1,"featured_media":0,"parent":0,"menu_order":0,"comment_status":"closed","ping_status":"closed","template":"","meta":{"footnotes":""},"class_list":["post-3036","page","type-page","status-publish","hentry"],"acf":[],"_links":{"self":[{"href":"https:\/\/ottimo-apartamenty.pl\/de\/wp-json\/wp\/v2\/pages\/3036","targetHints":{"allow":["GET"]}}],"collection":[{"href":"https:\/\/ottimo-apartamenty.pl\/de\/wp-json\/wp\/v2\/pages"}],"about":[{"href":"https:\/\/ottimo-apartamenty.pl\/de\/wp-json\/wp\/v2\/types\/page"}],"author":[{"embeddable":true,"href":"https:\/\/ottimo-apartamenty.pl\/de\/wp-json\/wp\/v2\/users\/1"}],"replies":[{"embeddable":true,"href":"https:\/\/ottimo-apartamenty.pl\/de\/wp-json\/wp\/v2\/comments?post=3036"}],"version-history":[{"count":1,"href":"https:\/\/ottimo-apartamenty.pl\/de\/wp-json\/wp\/v2\/pages\/3036\/revisions"}],"predecessor-version":[{"id":3038,"href":"https:\/\/ottimo-apartamenty.pl\/de\/wp-json\/wp\/v2\/pages\/3036\/revisions\/3038"}],"wp:attachment":[{"href":"https:\/\/ottimo-apartamenty.pl\/de\/wp-json\/wp\/v2\/media?parent=3036"}],"curies":[{"name":"wp","href":"https:\/\/api.w.org\/{rel}","templated":true}]}}